{"id":2447,"date":"2023-03-13T15:57:15","date_gmt":"2023-03-13T15:57:15","guid":{"rendered":"https:\/\/tktxshop.eu\/product\/tktx-blue-40\/"},"modified":"2024-06-06T12:06:23","modified_gmt":"2024-06-06T12:06:23","slug":"tktx-blauw-40","status":"publish","type":"product","link":"https:\/\/tktxshop.eu\/nl\/product\/tktx-blauw-40\/","title":{"rendered":"TKTX Blauw 40%"},"content":{"rendered":"<p>TKTX cr\u00e8me Blauw 40% is een van de meest populaire tattoocr\u00e8mes ter wereld. Deze cr\u00e8me heeft een krachtige formule met een concentratiefactor van 40% en biedt een gemiddeld effect van 2 tot 4 uur, afhankelijk van het huidtype.<\/p>\n","protected":false},"excerpt":{"rendered":"<p><span class=\"\" lang=\"nl\"><strong>Merk:<\/strong> TKTX<br \/>\n<strong>Artikel:<\/strong> TKTX Blauw 40%<br \/>\n<strong>Gewicht:<\/strong> 10g\/tube<br \/>\n<strong>Houdbaarheidsperiode:<\/strong> 2 jaar<br \/>\n<\/span><\/p>\n","protected":false},"featured_media":2450,"template":"","meta":[],"product_brand":[],"product_cat":[158,168],"product_tag":[184,169,170,164],"class_list":{"0":"post-2447","1":"product","2":"type-product","3":"status-publish","4":"has-post-thumbnail","6":"product_cat-tktx-nl","7":"product_cat-tktx-blauw-nl","8":"product_tag-tktx-40-nl","9":"product_tag-tktx-blauw-nl","10":"product_tag-tktx-blue-nl","11":"product_tag-tktx-zalf-nl","13":"first","14":"instock","15":"taxable","16":"shipping-taxable","17":"purchasable","18":"product-type-simple"},"_links":{"self":[{"href":"https:\/\/tktxshop.eu\/nl\/wp-json\/wp\/v2\/product\/2447","targetHints":{"allow":["GET"]}}],"collection":[{"href":"https:\/\/tktxshop.eu\/nl\/wp-json\/wp\/v2\/product"}],"about":[{"href":"https:\/\/tktxshop.eu\/nl\/wp-json\/wp\/v2\/types\/product"}],"wp:featuredmedia":[{"embeddable":true,"href":"https:\/\/tktxshop.eu\/nl\/wp-json\/wp\/v2\/media\/2450"}],"wp:attachment":[{"href":"https:\/\/tktxshop.eu\/nl\/wp-json\/wp\/v2\/media?parent=2447"}],"wp:term":[{"taxonomy":"product_brand","embeddable":true,"href":"https:\/\/tktxshop.eu\/nl\/wp-json\/wp\/v2\/product_brand?post=2447"},{"taxonomy":"product_cat","embeddable":true,"href":"https:\/\/tktxshop.eu\/nl\/wp-json\/wp\/v2\/product_cat?post=2447"},{"taxonomy":"product_tag","embeddable":true,"href":"https:\/\/tktxshop.eu\/nl\/wp-json\/wp\/v2\/product_tag?post=2447"}],"curies":[{"name":"wp","href":"https:\/\/api.w.org\/{rel}","templated":true}]}}