{"id":2444,"date":"2023-03-13T16:00:16","date_gmt":"2023-03-13T16:00:16","guid":{"rendered":"https:\/\/tktxshop.eu\/product\/tktx-red-40\/"},"modified":"2024-06-06T12:06:13","modified_gmt":"2024-06-06T12:06:13","slug":"tktx-rode-40","status":"publish","type":"product","link":"https:\/\/tktxshop.eu\/nl\/product\/tktx-rode-40\/","title":{"rendered":"TKTX Rode 40%"},"content":{"rendered":"<p>TKTX cr\u00e8me Rode 40% is een van de meest populaire tattoocr\u00e8mes ter wereld. Deze cr\u00e8me heeft een krachtige formule met een concentratiefactor van 40% en biedt een gemiddeld effect van 2 tot 4 uur, afhankelijk van het huidtype.<\/p>\n","protected":false},"excerpt":{"rendered":"<p><span class=\"\" lang=\"nl\"><strong>Merk:<\/strong> TKTX<br \/>\n<strong>Artikel:<\/strong> TKTX Rode 40%<br \/>\n<strong>Gewicht:<\/strong> 10g\/tube<br \/>\n<strong>Houdbaarheidsperiode:<\/strong> 2 jaar<br \/>\n<\/span><\/p>\n","protected":false},"featured_media":2446,"template":"","meta":[],"product_brand":[],"product_cat":[158,165],"product_tag":[184,180,167,164],"class_list":{"0":"post-2444","1":"product","2":"type-product","3":"status-publish","4":"has-post-thumbnail","6":"product_cat-tktx-nl","7":"product_cat-tktx-rood","8":"product_tag-tktx-40-nl","9":"product_tag-tktx-red-nl","10":"product_tag-tktx-rood-nl","11":"product_tag-tktx-zalf-nl","13":"first","14":"instock","15":"taxable","16":"shipping-taxable","17":"purchasable","18":"product-type-simple"},"_links":{"self":[{"href":"https:\/\/tktxshop.eu\/nl\/wp-json\/wp\/v2\/product\/2444","targetHints":{"allow":["GET"]}}],"collection":[{"href":"https:\/\/tktxshop.eu\/nl\/wp-json\/wp\/v2\/product"}],"about":[{"href":"https:\/\/tktxshop.eu\/nl\/wp-json\/wp\/v2\/types\/product"}],"wp:featuredmedia":[{"embeddable":true,"href":"https:\/\/tktxshop.eu\/nl\/wp-json\/wp\/v2\/media\/2446"}],"wp:attachment":[{"href":"https:\/\/tktxshop.eu\/nl\/wp-json\/wp\/v2\/media?parent=2444"}],"wp:term":[{"taxonomy":"product_brand","embeddable":true,"href":"https:\/\/tktxshop.eu\/nl\/wp-json\/wp\/v2\/product_brand?post=2444"},{"taxonomy":"product_cat","embeddable":true,"href":"https:\/\/tktxshop.eu\/nl\/wp-json\/wp\/v2\/product_cat?post=2444"},{"taxonomy":"product_tag","embeddable":true,"href":"https:\/\/tktxshop.eu\/nl\/wp-json\/wp\/v2\/product_tag?post=2444"}],"curies":[{"name":"wp","href":"https:\/\/api.w.org\/{rel}","templated":true}]}}