{"id":2438,"date":"2023-04-10T13:44:43","date_gmt":"2023-04-10T13:44:43","guid":{"rendered":"https:\/\/tktxshop.eu\/product\/tktx-green-40\/"},"modified":"2024-06-06T12:05:54","modified_gmt":"2024-06-06T12:05:54","slug":"tktx-groen-40","status":"publish","type":"product","link":"https:\/\/tktxshop.eu\/nl\/product\/tktx-groen-40\/","title":{"rendered":"TKTX Groen 40%"},"content":{"rendered":"<p>TKTX cr\u00e8me Groen 40% is een van de meest populaire tattoocr\u00e8mes ter wereld. Deze cr\u00e8me heeft een krachtige formule met een concentratiefactor van 40% en biedt een gemiddeld effect van 2 tot 4 uur, afhankelijk van het huidtype.<\/p>\n","protected":false},"excerpt":{"rendered":"<p><span class=\"\" lang=\"nl\"><strong>Merk:<\/strong> TKTX<br \/>\n<strong>Artikel:<\/strong> TKTX Groen 40%<br \/>\n<strong>Gewicht:<\/strong> 10g\/tube<br \/>\n<strong>Houdbaarheidsperiode:<\/strong> 2 jaar<br \/>\n<\/span><\/p>\n","protected":false},"featured_media":2440,"template":"","meta":[],"product_brand":[],"product_cat":[158,160],"product_tag":[184,162,163,164],"class_list":{"0":"post-2438","1":"product","2":"type-product","3":"status-publish","4":"has-post-thumbnail","6":"product_cat-tktx-nl","7":"product_cat-tktx-groen","8":"product_tag-tktx-40-nl","9":"product_tag-tktx-green-nl","10":"product_tag-tktx-groen-nl","11":"product_tag-tktx-zalf-nl","13":"first","14":"instock","15":"taxable","16":"shipping-taxable","17":"purchasable","18":"product-type-simple"},"_links":{"self":[{"href":"https:\/\/tktxshop.eu\/nl\/wp-json\/wp\/v2\/product\/2438","targetHints":{"allow":["GET"]}}],"collection":[{"href":"https:\/\/tktxshop.eu\/nl\/wp-json\/wp\/v2\/product"}],"about":[{"href":"https:\/\/tktxshop.eu\/nl\/wp-json\/wp\/v2\/types\/product"}],"wp:featuredmedia":[{"embeddable":true,"href":"https:\/\/tktxshop.eu\/nl\/wp-json\/wp\/v2\/media\/2440"}],"wp:attachment":[{"href":"https:\/\/tktxshop.eu\/nl\/wp-json\/wp\/v2\/media?parent=2438"}],"wp:term":[{"taxonomy":"product_brand","embeddable":true,"href":"https:\/\/tktxshop.eu\/nl\/wp-json\/wp\/v2\/product_brand?post=2438"},{"taxonomy":"product_cat","embeddable":true,"href":"https:\/\/tktxshop.eu\/nl\/wp-json\/wp\/v2\/product_cat?post=2438"},{"taxonomy":"product_tag","embeddable":true,"href":"https:\/\/tktxshop.eu\/nl\/wp-json\/wp\/v2\/product_tag?post=2438"}],"curies":[{"name":"wp","href":"https:\/\/api.w.org\/{rel}","templated":true}]}}