{"id":2426,"date":"2023-04-10T14:14:01","date_gmt":"2023-04-10T14:14:01","guid":{"rendered":"https:\/\/tktxshop.eu\/product\/tktx-black-55\/"},"modified":"2024-06-06T12:03:32","modified_gmt":"2024-06-06T12:03:32","slug":"tktx-zwart-55","status":"publish","type":"product","link":"https:\/\/tktxshop.eu\/nl\/product\/tktx-zwart-55\/","title":{"rendered":"TKTX Zwart 55%"},"content":{"rendered":"<p>TKTX cr\u00e8me Zwart 55% is een van de meest populaire tattoocr\u00e8mes ter wereld. Deze cr\u00e8me heeft een nog sterkere formule dan de 40% met een concentratiefactor van 55% en biedt een gemiddeld effect van 2 tot 5 uur, afhankelijk van het huidtype.<\/p>\n","protected":false},"excerpt":{"rendered":"<p><span class=\"\" lang=\"nl\"><strong>Merk:<\/strong> TKTX<br \/>\n<strong>Artikel:<\/strong> TKTX Zwart 55%<br \/>\n<strong>Gewicht:<\/strong> 10g\/tube<br \/>\n<strong>Houdbaarheidsperiode:<\/strong> 2 jaar<br \/>\n<\/span><\/p>\n","protected":false},"featured_media":2430,"template":"","meta":[],"product_brand":[],"product_cat":[158,171],"product_tag":[177,172,164,173],"class_list":{"0":"post-2426","1":"product","2":"type-product","3":"status-publish","4":"has-post-thumbnail","6":"product_cat-tktx-nl","7":"product_cat-tktx-zwart","8":"product_tag-tktx-55-nl","9":"product_tag-tktx-black-nl","10":"product_tag-tktx-zalf-nl","11":"product_tag-tktx-zwart-nl","13":"first","14":"instock","15":"taxable","16":"shipping-taxable","17":"purchasable","18":"product-type-simple"},"_links":{"self":[{"href":"https:\/\/tktxshop.eu\/nl\/wp-json\/wp\/v2\/product\/2426","targetHints":{"allow":["GET"]}}],"collection":[{"href":"https:\/\/tktxshop.eu\/nl\/wp-json\/wp\/v2\/product"}],"about":[{"href":"https:\/\/tktxshop.eu\/nl\/wp-json\/wp\/v2\/types\/product"}],"wp:featuredmedia":[{"embeddable":true,"href":"https:\/\/tktxshop.eu\/nl\/wp-json\/wp\/v2\/media\/2430"}],"wp:attachment":[{"href":"https:\/\/tktxshop.eu\/nl\/wp-json\/wp\/v2\/media?parent=2426"}],"wp:term":[{"taxonomy":"product_brand","embeddable":true,"href":"https:\/\/tktxshop.eu\/nl\/wp-json\/wp\/v2\/product_brand?post=2426"},{"taxonomy":"product_cat","embeddable":true,"href":"https:\/\/tktxshop.eu\/nl\/wp-json\/wp\/v2\/product_cat?post=2426"},{"taxonomy":"product_tag","embeddable":true,"href":"https:\/\/tktxshop.eu\/nl\/wp-json\/wp\/v2\/product_tag?post=2426"}],"curies":[{"name":"wp","href":"https:\/\/api.w.org\/{rel}","templated":true}]}}