{"id":2406,"date":"2023-04-10T14:33:13","date_gmt":"2023-04-10T14:33:13","guid":{"rendered":"https:\/\/tktxshop.eu\/product\/tktx-green-55\/"},"modified":"2024-06-06T12:03:03","modified_gmt":"2024-06-06T12:03:03","slug":"tktx-groen-55","status":"publish","type":"product","link":"https:\/\/tktxshop.eu\/nl\/product\/tktx-groen-55\/","title":{"rendered":"TKTX Groen 55%"},"content":{"rendered":"<p>TKTX cr\u00e8me Groen 55% is een van de meest populaire tattoocr\u00e8mes ter wereld. Deze cr\u00e8me heeft een nog sterkere formule dan de 40% met een concentratiefactor van 55% en biedt een gemiddeld effect van 2 tot 5 uur, afhankelijk van het huidtype.<\/p>\n","protected":false},"excerpt":{"rendered":"<p><span class=\"\" lang=\"nl\"><strong>Merk:<\/strong> TKTX<br \/>\n<strong>Artikel:<\/strong> TKTX Groen 55%<br \/>\n<strong>Gewicht:<\/strong> 10g\/tube<br \/>\n<strong>Houdbaarheidsperiode:<\/strong> 2 jaar<br \/>\n<\/span><\/p>\n","protected":false},"featured_media":2410,"template":"","meta":[],"product_brand":[],"product_cat":[158,160],"product_tag":[177,162,163,164],"class_list":{"0":"post-2406","1":"product","2":"type-product","3":"status-publish","4":"has-post-thumbnail","6":"product_cat-tktx-nl","7":"product_cat-tktx-groen","8":"product_tag-tktx-55-nl","9":"product_tag-tktx-green-nl","10":"product_tag-tktx-groen-nl","11":"product_tag-tktx-zalf-nl","13":"first","14":"instock","15":"taxable","16":"shipping-taxable","17":"purchasable","18":"product-type-simple"},"_links":{"self":[{"href":"https:\/\/tktxshop.eu\/nl\/wp-json\/wp\/v2\/product\/2406","targetHints":{"allow":["GET"]}}],"collection":[{"href":"https:\/\/tktxshop.eu\/nl\/wp-json\/wp\/v2\/product"}],"about":[{"href":"https:\/\/tktxshop.eu\/nl\/wp-json\/wp\/v2\/types\/product"}],"wp:featuredmedia":[{"embeddable":true,"href":"https:\/\/tktxshop.eu\/nl\/wp-json\/wp\/v2\/media\/2410"}],"wp:attachment":[{"href":"https:\/\/tktxshop.eu\/nl\/wp-json\/wp\/v2\/media?parent=2406"}],"wp:term":[{"taxonomy":"product_brand","embeddable":true,"href":"https:\/\/tktxshop.eu\/nl\/wp-json\/wp\/v2\/product_brand?post=2406"},{"taxonomy":"product_cat","embeddable":true,"href":"https:\/\/tktxshop.eu\/nl\/wp-json\/wp\/v2\/product_cat?post=2406"},{"taxonomy":"product_tag","embeddable":true,"href":"https:\/\/tktxshop.eu\/nl\/wp-json\/wp\/v2\/product_tag?post=2406"}],"curies":[{"name":"wp","href":"https:\/\/api.w.org\/{rel}","templated":true}]}}