{"id":2393,"date":"2023-04-10T14:48:22","date_gmt":"2023-04-10T14:48:22","guid":{"rendered":"https:\/\/tktxshop.eu\/product\/tktx-black-75\/"},"modified":"2024-06-06T11:49:06","modified_gmt":"2024-06-06T11:49:06","slug":"tktx-zwart-75","status":"publish","type":"product","link":"https:\/\/tktxshop.eu\/nl\/product\/tktx-zwart-75\/","title":{"rendered":"TKTX Zwart 75% EXCLUSIEF"},"content":{"rendered":"<p>TKTX cr\u00e8me Zwart 75% is de sterkste cr\u00e8me uit de TKTX-serie. Deze cr\u00e8me heeft een nog sterkere formule dan de 55% met een concentratiefactor van 75% en biedt een gemiddeld effect van 3 tot 6 uur, afhankelijk van het huidtype.<\/p>\n","protected":false},"excerpt":{"rendered":"<p><span class=\"\" lang=\"nl\"><strong>Merk:<\/strong> TKTX<br \/>\n<strong>Artikel:<\/strong> TKTX Zwart 75%<br \/>\n<strong>Gewicht:<\/strong> 10g\/tube<br \/>\n<strong>Houdbaarheidsperiode:<\/strong> 2 jaar<br \/>\n<\/span><\/p>\n","protected":false},"featured_media":2396,"template":"","meta":[],"product_brand":[],"product_cat":[158,171],"product_tag":[161,172,164,173],"class_list":{"0":"post-2393","1":"product","2":"type-product","3":"status-publish","4":"has-post-thumbnail","6":"product_cat-tktx-nl","7":"product_cat-tktx-zwart","8":"product_tag-tktx-75-nl","9":"product_tag-tktx-black-nl","10":"product_tag-tktx-zalf-nl","11":"product_tag-tktx-zwart-nl","13":"first","14":"instock","15":"taxable","16":"shipping-taxable","17":"purchasable","18":"product-type-simple"},"_links":{"self":[{"href":"https:\/\/tktxshop.eu\/nl\/wp-json\/wp\/v2\/product\/2393","targetHints":{"allow":["GET"]}}],"collection":[{"href":"https:\/\/tktxshop.eu\/nl\/wp-json\/wp\/v2\/product"}],"about":[{"href":"https:\/\/tktxshop.eu\/nl\/wp-json\/wp\/v2\/types\/product"}],"wp:featuredmedia":[{"embeddable":true,"href":"https:\/\/tktxshop.eu\/nl\/wp-json\/wp\/v2\/media\/2396"}],"wp:attachment":[{"href":"https:\/\/tktxshop.eu\/nl\/wp-json\/wp\/v2\/media?parent=2393"}],"wp:term":[{"taxonomy":"product_brand","embeddable":true,"href":"https:\/\/tktxshop.eu\/nl\/wp-json\/wp\/v2\/product_brand?post=2393"},{"taxonomy":"product_cat","embeddable":true,"href":"https:\/\/tktxshop.eu\/nl\/wp-json\/wp\/v2\/product_cat?post=2393"},{"taxonomy":"product_tag","embeddable":true,"href":"https:\/\/tktxshop.eu\/nl\/wp-json\/wp\/v2\/product_tag?post=2393"}],"curies":[{"name":"wp","href":"https:\/\/api.w.org\/{rel}","templated":true}]}}