{"id":2382,"date":"2023-04-10T15:01:48","date_gmt":"2023-04-10T15:01:48","guid":{"rendered":"https:\/\/tktxshop.eu\/product\/tktx-green-75\/"},"modified":"2024-06-06T11:47:03","modified_gmt":"2024-06-06T11:47:03","slug":"tktx-groen-75","status":"publish","type":"product","link":"https:\/\/tktxshop.eu\/nl\/product\/tktx-groen-75\/","title":{"rendered":"TKTX Groen 75% EXCLUSIEF"},"content":{"rendered":"<p>TKTX cr\u00e8me Groen 75% is de sterkste cr\u00e8me uit de TKTX-serie. Deze cr\u00e8me heeft een nog sterkere formule dan de 55% met een concentratiefactor van 75% en biedt een gemiddeld effect van 3 tot 6 uur, afhankelijk van het huidtype.<\/p>\n","protected":false},"excerpt":{"rendered":"<p><span class=\"\" lang=\"nl\"><strong>Merk:<\/strong> TKTX<br \/>\n<strong>Artikel:<\/strong> TKTX Groen 75%<br \/>\n<strong>Gewicht:<\/strong> 10g\/tube<br \/>\n<strong>Houdbaarheidsperiode:<\/strong> 2 jaar<br \/>\n<\/span><\/p>\n","protected":false},"featured_media":2385,"template":"","meta":[],"product_brand":[],"product_cat":[158,160],"product_tag":[161,162,163,164],"class_list":{"0":"post-2382","1":"product","2":"type-product","3":"status-publish","4":"has-post-thumbnail","6":"product_cat-tktx-nl","7":"product_cat-tktx-groen","8":"product_tag-tktx-75-nl","9":"product_tag-tktx-green-nl","10":"product_tag-tktx-groen-nl","11":"product_tag-tktx-zalf-nl","13":"first","14":"instock","15":"taxable","16":"shipping-taxable","17":"purchasable","18":"product-type-variable"},"_links":{"self":[{"href":"https:\/\/tktxshop.eu\/nl\/wp-json\/wp\/v2\/product\/2382","targetHints":{"allow":["GET"]}}],"collection":[{"href":"https:\/\/tktxshop.eu\/nl\/wp-json\/wp\/v2\/product"}],"about":[{"href":"https:\/\/tktxshop.eu\/nl\/wp-json\/wp\/v2\/types\/product"}],"wp:featuredmedia":[{"embeddable":true,"href":"https:\/\/tktxshop.eu\/nl\/wp-json\/wp\/v2\/media\/2385"}],"wp:attachment":[{"href":"https:\/\/tktxshop.eu\/nl\/wp-json\/wp\/v2\/media?parent=2382"}],"wp:term":[{"taxonomy":"product_brand","embeddable":true,"href":"https:\/\/tktxshop.eu\/nl\/wp-json\/wp\/v2\/product_brand?post=2382"},{"taxonomy":"product_cat","embeddable":true,"href":"https:\/\/tktxshop.eu\/nl\/wp-json\/wp\/v2\/product_cat?post=2382"},{"taxonomy":"product_tag","embeddable":true,"href":"https:\/\/tktxshop.eu\/nl\/wp-json\/wp\/v2\/product_tag?post=2382"}],"curies":[{"name":"wp","href":"https:\/\/api.w.org\/{rel}","templated":true}]}}