{"id":3718,"date":"2025-03-14T14:12:40","date_gmt":"2025-03-14T14:12:40","guid":{"rendered":"https:\/\/tktxshop.eu\/product\/tktx-or-99-exclusif\/"},"modified":"2025-03-14T14:12:40","modified_gmt":"2025-03-14T14:12:40","slug":"tktx-or-99-exclusif","status":"publish","type":"product","link":"https:\/\/tktxshop.eu\/it\/prodotto\/tktx-or-99-exclusif\/","title":{"rendered":"TKTX OR 99% EXCLUSIF"},"content":{"rendered":"<p>La cr\u00e8me TKTX Or 99% est la cr\u00e8me la plus puissante de la s\u00e9rie TKTX. Cette cr\u00e8me poss\u00e8de une formule encore plus forte que le 75% avec un facteur de concentration de 55% et offre un effet moyen de 3 \u00e0 6 heures, selon le type de peau.<\/p>\n","protected":false},"excerpt":{"rendered":"<p><strong>Marque:<\/strong> TKTX<br \/>\n<strong>Article:<\/strong> TKTX OR 99%<br \/>\n<strong>Poids:<\/strong> 10g\/tube<br \/>\n<strong>P\u00e9riode de validit\u00e9:<\/strong> 2 ans<\/p>\n","protected":false},"featured_media":3720,"template":"","meta":[],"product_brand":[],"product_cat":[230,231],"product_tag":[],"class_list":{"0":"post-3718","1":"product","2":"type-product","3":"status-publish","4":"has-post-thumbnail","6":"product_cat-tktx-it","7":"product_cat-tktx-oro","9":"first","10":"instock","11":"taxable","12":"shipping-taxable","13":"product-type-variable","14":"has-default-attributes"},"_links":{"self":[{"href":"https:\/\/tktxshop.eu\/it\/wp-json\/wp\/v2\/product\/3718","targetHints":{"allow":["GET"]}}],"collection":[{"href":"https:\/\/tktxshop.eu\/it\/wp-json\/wp\/v2\/product"}],"about":[{"href":"https:\/\/tktxshop.eu\/it\/wp-json\/wp\/v2\/types\/product"}],"wp:featuredmedia":[{"embeddable":true,"href":"https:\/\/tktxshop.eu\/it\/wp-json\/wp\/v2\/media\/3720"}],"wp:attachment":[{"href":"https:\/\/tktxshop.eu\/it\/wp-json\/wp\/v2\/media?parent=3718"}],"wp:term":[{"taxonomy":"product_brand","embeddable":true,"href":"https:\/\/tktxshop.eu\/it\/wp-json\/wp\/v2\/product_brand?post=3718"},{"taxonomy":"product_cat","embeddable":true,"href":"https:\/\/tktxshop.eu\/it\/wp-json\/wp\/v2\/product_cat?post=3718"},{"taxonomy":"product_tag","embeddable":true,"href":"https:\/\/tktxshop.eu\/it\/wp-json\/wp\/v2\/product_tag?post=3718"}],"curies":[{"name":"wp","href":"https:\/\/api.w.org\/{rel}","templated":true}]}}