{"id":3702,"date":"2023-04-10T14:14:01","date_gmt":"2023-04-10T14:14:01","guid":{"rendered":"https:\/\/tktxshop.eu\/product\/tktx-nero-55\/"},"modified":"2023-04-10T14:14:01","modified_gmt":"2023-04-10T14:14:01","slug":"tktx-nero-55","status":"publish","type":"product","link":"https:\/\/tktxshop.eu\/it\/prodotto\/tktx-nero-55\/","title":{"rendered":"TKTX NERO 55%"},"content":{"rendered":"<p>TKTX Creme black 55% \u00e8 una delle creme per tatuaggi pi\u00f9 popolari al mondo. Questa crema ha una formula ancora pi\u00f9 forte della 40% con un fattore di concentrazione del 55% e offre un effetto medio da 2 a 5 ore, a seconda del tipo di pelle. <\/p>\n","protected":false},"excerpt":{"rendered":"<p><span class=\"\" lang=\"nl\"><strong>Marchio:<\/strong> TKTX<br \/>\n<strong>Articolo:<\/strong> TKTX nero 55%<br \/>\n<strong>Peso:<\/strong> 10g\/tubo<br \/>\n<strong>Periodo di validit\u00e0:<\/strong> 2 anni<br \/>\n<\/span><\/p>\n","protected":false},"featured_media":3703,"template":"","meta":[],"product_brand":[],"product_cat":[230,244],"product_tag":[241,245,235,246],"class_list":{"0":"post-3702","1":"product","2":"type-product","3":"status-publish","4":"has-post-thumbnail","6":"product_cat-tktx-it","7":"product_cat-tktx-nero","8":"product_tag-tktx-55-it","9":"product_tag-tktx-nero","10":"product_tag-tktx-zalf-it","11":"product_tag-tktx-zwart-it","13":"first","14":"instock","15":"taxable","16":"shipping-taxable","17":"purchasable","18":"product-type-simple"},"_links":{"self":[{"href":"https:\/\/tktxshop.eu\/it\/wp-json\/wp\/v2\/product\/3702","targetHints":{"allow":["GET"]}}],"collection":[{"href":"https:\/\/tktxshop.eu\/it\/wp-json\/wp\/v2\/product"}],"about":[{"href":"https:\/\/tktxshop.eu\/it\/wp-json\/wp\/v2\/types\/product"}],"wp:featuredmedia":[{"embeddable":true,"href":"https:\/\/tktxshop.eu\/it\/wp-json\/wp\/v2\/media\/3703"}],"wp:attachment":[{"href":"https:\/\/tktxshop.eu\/it\/wp-json\/wp\/v2\/media?parent=3702"}],"wp:term":[{"taxonomy":"product_brand","embeddable":true,"href":"https:\/\/tktxshop.eu\/it\/wp-json\/wp\/v2\/product_brand?post=3702"},{"taxonomy":"product_cat","embeddable":true,"href":"https:\/\/tktxshop.eu\/it\/wp-json\/wp\/v2\/product_cat?post=3702"},{"taxonomy":"product_tag","embeddable":true,"href":"https:\/\/tktxshop.eu\/it\/wp-json\/wp\/v2\/product_tag?post=3702"}],"curies":[{"name":"wp","href":"https:\/\/api.w.org\/{rel}","templated":true}]}}