{"id":3696,"date":"2023-04-10T14:05:57","date_gmt":"2023-04-10T14:05:57","guid":{"rendered":"https:\/\/tktxshop.eu\/product\/tktx-bianco-55\/"},"modified":"2023-04-10T14:05:57","modified_gmt":"2023-04-10T14:05:57","slug":"tktx-bianco-55","status":"publish","type":"product","link":"https:\/\/tktxshop.eu\/it\/prodotto\/tktx-bianco-55\/","title":{"rendered":"TKTX BIANCO 55%"},"content":{"rendered":"<p>TKTX Cream White 55% \u00e8 una delle creme per tatuaggi pi\u00f9 popolari al mondo. Questa crema ha una formula ancora pi\u00f9 forte della versione al 40%, con un fattore di concentrazione del 55%, e garantisce un effetto medio da 2 a 5 ore, a seconda del tipo di pelle. <\/p>\n","protected":false},"excerpt":{"rendered":"<p><strong>Marchio:<\/strong> TKTX<br \/>\n<strong>Articolo:<\/strong> TKTX WHITE 55%<br \/>\n<strong>Peso:<\/strong> 10 g\/tubo<br \/>\n<strong>Scadenza:<\/strong> 2 anni<\/p>\n","protected":false},"featured_media":3697,"template":"","meta":[],"product_brand":[],"product_cat":[230,240],"product_tag":[241,242,243,235],"class_list":{"0":"post-3696","1":"product","2":"type-product","3":"status-publish","4":"has-post-thumbnail","6":"product_cat-tktx-it","7":"product_cat-tktx-bianco","8":"product_tag-tktx-55-it","9":"product_tag-tktx-bianco","10":"product_tag-tktx-con","11":"product_tag-tktx-zalf-it","13":"first","14":"instock","15":"taxable","16":"shipping-taxable","17":"purchasable","18":"product-type-simple"},"_links":{"self":[{"href":"https:\/\/tktxshop.eu\/it\/wp-json\/wp\/v2\/product\/3696","targetHints":{"allow":["GET"]}}],"collection":[{"href":"https:\/\/tktxshop.eu\/it\/wp-json\/wp\/v2\/product"}],"about":[{"href":"https:\/\/tktxshop.eu\/it\/wp-json\/wp\/v2\/types\/product"}],"wp:featuredmedia":[{"embeddable":true,"href":"https:\/\/tktxshop.eu\/it\/wp-json\/wp\/v2\/media\/3697"}],"wp:attachment":[{"href":"https:\/\/tktxshop.eu\/it\/wp-json\/wp\/v2\/media?parent=3696"}],"wp:term":[{"taxonomy":"product_brand","embeddable":true,"href":"https:\/\/tktxshop.eu\/it\/wp-json\/wp\/v2\/product_brand?post=3696"},{"taxonomy":"product_cat","embeddable":true,"href":"https:\/\/tktxshop.eu\/it\/wp-json\/wp\/v2\/product_cat?post=3696"},{"taxonomy":"product_tag","embeddable":true,"href":"https:\/\/tktxshop.eu\/it\/wp-json\/wp\/v2\/product_tag?post=3696"}],"curies":[{"name":"wp","href":"https:\/\/api.w.org\/{rel}","templated":true}]}}