{"id":3483,"date":"2023-04-10T13:50:21","date_gmt":"2023-04-10T13:50:21","guid":{"rendered":"https:\/\/tktxshop.eu\/?post_type=product&#038;p=3483"},"modified":"2025-09-25T16:57:04","modified_gmt":"2025-09-25T16:57:04","slug":"tktx-zuta-40","status":"publish","type":"product","link":"https:\/\/tktxshop.eu\/hr\/proizvod\/tktx-zuta-40\/","title":{"rendered":"TKTX \u017dUTA 40%"},"content":{"rendered":"<p>TKTX krema \u017euta \/ TKTX YELLOW 40% jedna je od najpopularnijih krema za tetoviranje na svijetu. Ova krema ima sna\u017enu formulu s koncentracijskim faktorom od 40% i pru\u017ea prosje\u010dan u\u010dinak od 2 do 4 sata, ovisno o tipu ko\u017ee.<\/p>\n","protected":false},"excerpt":{"rendered":"<p><strong>Marka:<\/strong> TKTX<\/p>\n<p><strong>Artikl:<\/strong>\u00a0TKTX \u017dUTA 40%<\/p>\n<p><strong>Te\u017eina:<\/strong> 10 g\/tuba<\/p>\n<p><strong>Rok valjanosti:<\/strong> 2 godine<\/p>\n","protected":false},"featured_media":3487,"template":"","meta":[],"product_brand":[],"product_cat":[215,222],"product_tag":[],"class_list":{"0":"post-3483","1":"product","2":"type-product","3":"status-publish","4":"has-post-thumbnail","6":"product_cat-tktx-hr","7":"product_cat-tktx-zuta","9":"first","10":"instock","11":"taxable","12":"shipping-taxable","13":"purchasable","14":"product-type-simple"},"_links":{"self":[{"href":"https:\/\/tktxshop.eu\/hr\/wp-json\/wp\/v2\/product\/3483","targetHints":{"allow":["GET"]}}],"collection":[{"href":"https:\/\/tktxshop.eu\/hr\/wp-json\/wp\/v2\/product"}],"about":[{"href":"https:\/\/tktxshop.eu\/hr\/wp-json\/wp\/v2\/types\/product"}],"wp:featuredmedia":[{"embeddable":true,"href":"https:\/\/tktxshop.eu\/hr\/wp-json\/wp\/v2\/media\/3487"}],"wp:attachment":[{"href":"https:\/\/tktxshop.eu\/hr\/wp-json\/wp\/v2\/media?parent=3483"}],"wp:term":[{"taxonomy":"product_brand","embeddable":true,"href":"https:\/\/tktxshop.eu\/hr\/wp-json\/wp\/v2\/product_brand?post=3483"},{"taxonomy":"product_cat","embeddable":true,"href":"https:\/\/tktxshop.eu\/hr\/wp-json\/wp\/v2\/product_cat?post=3483"},{"taxonomy":"product_tag","embeddable":true,"href":"https:\/\/tktxshop.eu\/hr\/wp-json\/wp\/v2\/product_tag?post=3483"}],"curies":[{"name":"wp","href":"https:\/\/api.w.org\/{rel}","templated":true}]}}