{"id":3477,"date":"2023-04-10T14:05:57","date_gmt":"2023-04-10T14:05:57","guid":{"rendered":"https:\/\/tktxshop.eu\/?post_type=product&#038;p=3477"},"modified":"2025-09-25T16:54:04","modified_gmt":"2025-09-25T16:54:04","slug":"tktx-bijela-55","status":"publish","type":"product","link":"https:\/\/tktxshop.eu\/hr\/proizvod\/tktx-bijela-55\/","title":{"rendered":"TKTX BIJELA 55%"},"content":{"rendered":"<p>TKTX krema bijela 55% jedna je od najpopularnijih krema za tetoviranje na svijetu. Ova krema ima jo\u0161 ja\u010du formulu od verzije s 40%, s koncentracijskim faktorom od 55%, i pru\u017ea prosje\u010dan u\u010dinak od 2 do 5 sati, ovisno o tipu ko\u017ee.<\/p>\n","protected":false},"excerpt":{"rendered":"<p><strong>Marka:<\/strong> TKTX<\/p>\n<p><strong>Artikl:<\/strong>\u00a0TKTX BIJELA 55%<\/p>\n<p><strong>T<\/strong><strong>e\u017eina:<\/strong> 10 g\/tuba<\/p>\n<p><strong>Rok valjanosti:<\/strong> 2 godine<\/p>\n","protected":false},"featured_media":3481,"template":"","meta":[],"product_brand":[],"product_cat":[215,220],"product_tag":[],"class_list":{"0":"post-3477","1":"product","2":"type-product","3":"status-publish","4":"has-post-thumbnail","6":"product_cat-tktx-hr","7":"product_cat-tktx-bijela","9":"first","10":"instock","11":"taxable","12":"shipping-taxable","13":"purchasable","14":"product-type-simple"},"_links":{"self":[{"href":"https:\/\/tktxshop.eu\/hr\/wp-json\/wp\/v2\/product\/3477","targetHints":{"allow":["GET"]}}],"collection":[{"href":"https:\/\/tktxshop.eu\/hr\/wp-json\/wp\/v2\/product"}],"about":[{"href":"https:\/\/tktxshop.eu\/hr\/wp-json\/wp\/v2\/types\/product"}],"wp:featuredmedia":[{"embeddable":true,"href":"https:\/\/tktxshop.eu\/hr\/wp-json\/wp\/v2\/media\/3481"}],"wp:attachment":[{"href":"https:\/\/tktxshop.eu\/hr\/wp-json\/wp\/v2\/media?parent=3477"}],"wp:term":[{"taxonomy":"product_brand","embeddable":true,"href":"https:\/\/tktxshop.eu\/hr\/wp-json\/wp\/v2\/product_brand?post=3477"},{"taxonomy":"product_cat","embeddable":true,"href":"https:\/\/tktxshop.eu\/hr\/wp-json\/wp\/v2\/product_cat?post=3477"},{"taxonomy":"product_tag","embeddable":true,"href":"https:\/\/tktxshop.eu\/hr\/wp-json\/wp\/v2\/product_tag?post=3477"}],"curies":[{"name":"wp","href":"https:\/\/api.w.org\/{rel}","templated":true}]}}