{"id":3405,"date":"2023-04-10T14:14:01","date_gmt":"2023-04-10T14:14:01","guid":{"rendered":"https:\/\/tktxshop.eu\/?post_type=product&#038;p=3405"},"modified":"2025-09-25T15:46:54","modified_gmt":"2025-09-25T15:46:54","slug":"tktx-crna-55","status":"publish","type":"product","link":"https:\/\/tktxshop.eu\/hr\/proizvod\/tktx-crna-55\/","title":{"rendered":"TKTX CRNA 55%"},"content":{"rendered":"<p>TKTX krema crna 55% jedna je od najpopularnijih krema za tetoviranje na svijetu. Ova krema ima jo\u0161 ja\u010du formulu od verzije s 40%, s koncentracijskim faktorom od 55%, i pru\u017ea prosje\u010dan u\u010dinak od 2 do 5 sati, ovisno o tipu ko\u017ee.<\/p>\n","protected":false},"excerpt":{"rendered":"<p><strong>Marka:<\/strong> TKTX<br \/>\n<strong>Artikl:<\/strong>\u00a0TKTX CRNA 55%<br \/>\n<strong>Te\u017eina:<\/strong> 10 g\/tuba<br \/>\n<strong>Rok valjanosti:<\/strong> 2 godine<\/p>\n","protected":false},"featured_media":3412,"template":"","meta":[],"product_brand":[],"product_cat":[215,216],"product_tag":[],"class_list":{"0":"post-3405","1":"product","2":"type-product","3":"status-publish","4":"has-post-thumbnail","6":"product_cat-tktx-hr","7":"product_cat-tktx-crna","9":"first","10":"instock","11":"taxable","12":"shipping-taxable","13":"purchasable","14":"product-type-simple"},"_links":{"self":[{"href":"https:\/\/tktxshop.eu\/hr\/wp-json\/wp\/v2\/product\/3405","targetHints":{"allow":["GET"]}}],"collection":[{"href":"https:\/\/tktxshop.eu\/hr\/wp-json\/wp\/v2\/product"}],"about":[{"href":"https:\/\/tktxshop.eu\/hr\/wp-json\/wp\/v2\/types\/product"}],"wp:featuredmedia":[{"embeddable":true,"href":"https:\/\/tktxshop.eu\/hr\/wp-json\/wp\/v2\/media\/3412"}],"wp:attachment":[{"href":"https:\/\/tktxshop.eu\/hr\/wp-json\/wp\/v2\/media?parent=3405"}],"wp:term":[{"taxonomy":"product_brand","embeddable":true,"href":"https:\/\/tktxshop.eu\/hr\/wp-json\/wp\/v2\/product_brand?post=3405"},{"taxonomy":"product_cat","embeddable":true,"href":"https:\/\/tktxshop.eu\/hr\/wp-json\/wp\/v2\/product_cat?post=3405"},{"taxonomy":"product_tag","embeddable":true,"href":"https:\/\/tktxshop.eu\/hr\/wp-json\/wp\/v2\/product_tag?post=3405"}],"curies":[{"name":"wp","href":"https:\/\/api.w.org\/{rel}","templated":true}]}}