{"id":3304,"date":"2023-04-10T15:01:48","date_gmt":"2023-04-10T15:01:48","guid":{"rendered":"https:\/\/tktxshop.eu\/?post_type=product&#038;p=3304"},"modified":"2025-09-27T11:00:19","modified_gmt":"2025-09-27T11:00:19","slug":"tktx-zelena-75-ekskluzivno","status":"publish","type":"product","link":"https:\/\/tktxshop.eu\/hr\/proizvod\/tktx-zelena-75-ekskluzivno\/","title":{"rendered":"TKTX ZELENA 75% EKSKLUZIVNO"},"content":{"rendered":"<p>TKTX KREMA ZELENA 75% je najja\u010da krema u TKTX asortimanu. Ova krema ima jo\u0161 sna\u017eniju formulu od 55% s koncentracijskim faktorom od 75% i pru\u017ea prosje\u010dan u\u010dinak od 3 do 6 sati, ovisno o tipu ko\u017ee.<\/p>\n","protected":false},"excerpt":{"rendered":"<p><strong>Marka:<\/strong> TKTX<br \/>\n<strong>Artikl:<\/strong> TKTX ZELENA 75%<br \/>\n<strong>Te\u017eina:<\/strong> 10 g\/tuba<br \/>\n<strong>Rok valjanosti:<\/strong> 2 godine<\/p>\n","protected":false},"featured_media":3229,"template":"","meta":[],"product_brand":[],"product_cat":[215,221],"product_tag":[],"class_list":{"0":"post-3304","1":"product","2":"type-product","3":"status-publish","4":"has-post-thumbnail","6":"product_cat-tktx-hr","7":"product_cat-tktx-zelena","9":"first","10":"instock","11":"taxable","12":"shipping-taxable","13":"purchasable","14":"product-type-variable","15":"has-default-attributes"},"_links":{"self":[{"href":"https:\/\/tktxshop.eu\/hr\/wp-json\/wp\/v2\/product\/3304","targetHints":{"allow":["GET"]}}],"collection":[{"href":"https:\/\/tktxshop.eu\/hr\/wp-json\/wp\/v2\/product"}],"about":[{"href":"https:\/\/tktxshop.eu\/hr\/wp-json\/wp\/v2\/types\/product"}],"wp:featuredmedia":[{"embeddable":true,"href":"https:\/\/tktxshop.eu\/hr\/wp-json\/wp\/v2\/media\/3229"}],"wp:attachment":[{"href":"https:\/\/tktxshop.eu\/hr\/wp-json\/wp\/v2\/media?parent=3304"}],"wp:term":[{"taxonomy":"product_brand","embeddable":true,"href":"https:\/\/tktxshop.eu\/hr\/wp-json\/wp\/v2\/product_brand?post=3304"},{"taxonomy":"product_cat","embeddable":true,"href":"https:\/\/tktxshop.eu\/hr\/wp-json\/wp\/v2\/product_cat?post=3304"},{"taxonomy":"product_tag","embeddable":true,"href":"https:\/\/tktxshop.eu\/hr\/wp-json\/wp\/v2\/product_tag?post=3304"}],"curies":[{"name":"wp","href":"https:\/\/api.w.org\/{rel}","templated":true}]}}