{"id":3268,"date":"2023-04-10T14:57:07","date_gmt":"2023-04-10T14:57:07","guid":{"rendered":"https:\/\/tktxshop.eu\/?post_type=product&#038;p=3268"},"modified":"2025-09-25T15:14:04","modified_gmt":"2025-09-25T15:14:04","slug":"tktx-crvena-75-ekskluzivna","status":"publish","type":"product","link":"https:\/\/tktxshop.eu\/hr\/proizvod\/tktx-crvena-75-ekskluzivna\/","title":{"rendered":"TKTX CRVENA 75% EKSKLUZIVNA"},"content":{"rendered":"<p>TKTX krema crvena 75% je najja\u010da krema iz TKTX asortimana. Ova krema ima jo\u0161 sna\u017eniju formulu od 55% s koncentracijskim faktorom od 75% i pru\u017ea prosje\u010dan u\u010dinak od 3 do 6 sati, ovisno o tipu ko\u017ee.<\/p>\n","protected":false},"excerpt":{"rendered":"<p><strong>Marka:<\/strong> TKTX<br \/>\n<strong>Proizvo\u0111a\u010d:<\/strong> TKTX Crvena 75%<br \/>\n<strong>Te\u017eina:<\/strong> 10 g\/tuba<br \/>\n<strong>Rok trajanja:<\/strong> 2 godine<\/p>\n","protected":false},"featured_media":3231,"template":"","meta":[],"product_brand":[],"product_cat":[215,219],"product_tag":[],"class_list":{"0":"post-3268","1":"product","2":"type-product","3":"status-publish","4":"has-post-thumbnail","6":"product_cat-tktx-hr","7":"product_cat-tktx-crvena","9":"first","10":"instock","11":"taxable","12":"shipping-taxable","13":"purchasable","14":"product-type-simple"},"_links":{"self":[{"href":"https:\/\/tktxshop.eu\/hr\/wp-json\/wp\/v2\/product\/3268","targetHints":{"allow":["GET"]}}],"collection":[{"href":"https:\/\/tktxshop.eu\/hr\/wp-json\/wp\/v2\/product"}],"about":[{"href":"https:\/\/tktxshop.eu\/hr\/wp-json\/wp\/v2\/types\/product"}],"wp:featuredmedia":[{"embeddable":true,"href":"https:\/\/tktxshop.eu\/hr\/wp-json\/wp\/v2\/media\/3231"}],"wp:attachment":[{"href":"https:\/\/tktxshop.eu\/hr\/wp-json\/wp\/v2\/media?parent=3268"}],"wp:term":[{"taxonomy":"product_brand","embeddable":true,"href":"https:\/\/tktxshop.eu\/hr\/wp-json\/wp\/v2\/product_brand?post=3268"},{"taxonomy":"product_cat","embeddable":true,"href":"https:\/\/tktxshop.eu\/hr\/wp-json\/wp\/v2\/product_cat?post=3268"},{"taxonomy":"product_tag","embeddable":true,"href":"https:\/\/tktxshop.eu\/hr\/wp-json\/wp\/v2\/product_tag?post=3268"}],"curies":[{"name":"wp","href":"https:\/\/api.w.org\/{rel}","templated":true}]}}