{"id":3209,"date":"2025-03-14T14:12:40","date_gmt":"2025-03-14T14:12:40","guid":{"rendered":"https:\/\/tktxshop.eu\/?post_type=product&#038;p=3209"},"modified":"2025-09-25T15:08:11","modified_gmt":"2025-09-25T15:08:11","slug":"tktx-zlatna-99-ekskluzivno","status":"publish","type":"product","link":"https:\/\/tktxshop.eu\/hr\/proizvod\/tktx-zlatna-99-ekskluzivno\/","title":{"rendered":"TKTX ZLATNA 99% EKSKLUZIVNO"},"content":{"rendered":"<p>TKTX krema zlatna 99% je najja\u010da krema iz TKTX serije. Ova krema ima jo\u0161 sna\u017eniju formulu od 75% s koncentracijskim faktorom od 75% i pru\u017ea prosje\u010dan u\u010dinak od 3 do 6 sati, ovisno o tipu ko\u017ee.<\/p>\n","protected":false},"excerpt":{"rendered":"<p><span class=\"\" lang=\"nl\"><strong>Marka:<\/strong> TKTX<br \/>\n<strong>Artikl:<\/strong> TKTX Zlatna 99%<br \/>\n<strong>Te\u017eina:<\/strong> 10 g\/tuba<br \/>\n<strong>Rok valjanosti:<\/strong> 2 godine<\/span><\/p>\n","protected":false},"featured_media":3212,"template":"","meta":[],"product_brand":[],"product_cat":[215,218],"product_tag":[],"class_list":{"0":"post-3209","1":"product","2":"type-product","3":"status-publish","4":"has-post-thumbnail","6":"product_cat-tktx-hr","7":"product_cat-tktx-zlato","9":"first","10":"instock","11":"taxable","12":"shipping-taxable","13":"purchasable","14":"product-type-variable","15":"has-default-attributes"},"_links":{"self":[{"href":"https:\/\/tktxshop.eu\/hr\/wp-json\/wp\/v2\/product\/3209","targetHints":{"allow":["GET"]}}],"collection":[{"href":"https:\/\/tktxshop.eu\/hr\/wp-json\/wp\/v2\/product"}],"about":[{"href":"https:\/\/tktxshop.eu\/hr\/wp-json\/wp\/v2\/types\/product"}],"wp:featuredmedia":[{"embeddable":true,"href":"https:\/\/tktxshop.eu\/hr\/wp-json\/wp\/v2\/media\/3212"}],"wp:attachment":[{"href":"https:\/\/tktxshop.eu\/hr\/wp-json\/wp\/v2\/media?parent=3209"}],"wp:term":[{"taxonomy":"product_brand","embeddable":true,"href":"https:\/\/tktxshop.eu\/hr\/wp-json\/wp\/v2\/product_brand?post=3209"},{"taxonomy":"product_cat","embeddable":true,"href":"https:\/\/tktxshop.eu\/hr\/wp-json\/wp\/v2\/product_cat?post=3209"},{"taxonomy":"product_tag","embeddable":true,"href":"https:\/\/tktxshop.eu\/hr\/wp-json\/wp\/v2\/product_tag?post=3209"}],"curies":[{"name":"wp","href":"https:\/\/api.w.org\/{rel}","templated":true}]}}