{"id":3206,"date":"2023-02-20T10:34:06","date_gmt":"2023-02-20T10:34:06","guid":{"rendered":"https:\/\/tktxshop.eu\/?page_id=3206"},"modified":"2025-09-24T19:12:31","modified_gmt":"2025-09-24T19:12:31","slug":"pravila-o-privatnosti","status":"publish","type":"page","link":"https:\/\/tktxshop.eu\/hr\/pravila-o-privatnosti\/","title":{"rendered":"Pravila o privatnosti"},"content":{"rendered":"<h3 data-start=\"100\" data-end=\"134\">O na\u0161oj politici privatnosti<\/h3>\n<p data-start=\"136\" data-end=\"459\"><strong data-start=\"136\" data-end=\"151\">TKTXSHOP.EU<\/strong> pridaje veliku va\u017enost va\u0161oj privatnosti. Stoga obra\u0111ujemo samo podatke koji su nam potrebni za (pobolj\u0161anje) na\u0161ih usluga i pa\u017eljivo postupamo s informacijama koje smo prikupili o vama i va\u0161em kori\u0161tenju na\u0161ih usluga. Va\u0161e podatke nikada ne stavljamo na raspolaganje tre\u0107im stranama u komercijalne svrhe.<\/p>\n<p data-start=\"461\" data-end=\"985\">Ova politika privatnosti odnosi se na kori\u0161tenje web stranice i usluga koje pru\u017ea <strong data-start=\"543\" data-end=\"558\">TKTXSHOP.EU<\/strong>. Datum po\u010detka valjanosti ovih uvjeta je 01.11.2020., a objavom nove verzije prestaje va\u017eiti svaka prethodna verzija. Ova politika privatnosti opisuje koje informacije o vama prikupljamo, za \u0161to ih koristimo, s kim i pod kojim uvjetima ih mo\u017eemo dijeliti s tre\u0107im stranama. Tako\u0111er vam obja\u0161njavamo kako pohranjujemo va\u0161e podatke, kako ih \u0161titimo od zloupotrebe i koja prava imate u vezi s osobnim podacima koje nam pru\u017eate.<\/p>\n<p data-start=\"987\" data-end=\"1152\">Ako imate pitanja o na\u0161oj politici privatnosti, obratite se osobi zadu\u017eenoj za pitanja privatnosti. Kontakt podatke prona\u0107i \u0107ete na kraju ove politike privatnosti.<\/p>\n<h3 data-start=\"1159\" data-end=\"1182\">O obradi podataka<\/h3>\n<p data-start=\"1184\" data-end=\"1355\">U nastavku mo\u017eete pro\u010ditati kako obra\u0111ujemo va\u0161e podatke, gdje ih pohranjujemo (ili dajemo na pohranu), koje sigurnosne tehnike koristimo i kome su podaci transparentni.<\/p>\n<h3 data-start=\"1357\" data-end=\"1386\">E-mail i mailing liste<\/h3>\n<p data-start=\"1387\" data-end=\"1978\"><strong data-start=\"1387\" data-end=\"1400\">MailChimp<\/strong><br data-start=\"1400\" data-end=\"1403\" \/>Na\u0161e newslettere \u0161aljemo putem MailChimpa. MailChimp nikada ne\u0107e koristiti va\u0161e ime i e-mail adresu za vlastite svrhe. Na dnu svake e-po\u0161te poslanoj putem na\u0161e web stranice nalazi se poveznica za odjavu. Nakon odjave vi\u0161e ne\u0107ete primati na\u0161 newsletter. Va\u0161i osobni podaci pohranjeni su sigurno kod MailChimpa. MailChimp koristi kola\u010di\u0107e i druge internetske tehnologije koje omogu\u0107uju uvid u to otvaraju li se i \u010ditaju e-mailovi. MailChimp zadr\u017eava pravo koristiti va\u0161e podatke za daljnje pobolj\u0161anje svojih usluga i dijeljenje informacija s tre\u0107im stranama u tom kontekstu.<\/p>\n<p data-start=\"1980\" data-end=\"2295\"><strong data-start=\"1980\" data-end=\"1991\">Hotmail<\/strong><br data-start=\"1991\" data-end=\"1994\" \/>Za na\u0161u redovitu poslovnu e-mail komunikaciju koristimo usluge Hotmaila. Ova strana poduzela je odgovaraju\u0107e tehni\u010dke i organizacijske mjere kako bi sprije\u010dila zloupotrebu, gubitak i o\u0161te\u0107enje va\u0161ih i na\u0161ih podataka. Hotmail nema pristup na\u0161im mailboxovima i sve e-mail poruke tretiramo povjerljivo.<\/p>\n<h3 data-start=\"2297\" data-end=\"2322\">Procesori pla\u0107anja<\/h3>\n<p data-start=\"2323\" data-end=\"2986\"><strong data-start=\"2323\" data-end=\"2333\">Mollie<\/strong><br data-start=\"2333\" data-end=\"2336\" \/>Za obradu dijela pla\u0107anja u na\u0161oj web trgovini koristimo platformu Mollie. Mollie obra\u0111uje va\u0161e ime, adresu, podatke o prebivali\u0161tu te podatke o pla\u0107anju, poput broja bankovnog ra\u010duna ili kreditne kartice. Mollie je poduzela odgovaraju\u0107e tehni\u010dke i organizacijske mjere za za\u0161titu va\u0161ih osobnih podataka. Mollie zadr\u017eava pravo koristiti va\u0161e podatke za daljnje pobolj\u0161anje usluge i dijeljenje (anonimiziranih) podataka s tre\u0107im stranama u tom kontekstu. Sva gore navedena jamstva o za\u0161titi va\u0161ih podataka vrijede i za one dijelove Mollie usluga u kojima anga\u017eiraju tre\u0107e strane. Mollie va\u0161e podatke ne pohranjuje du\u017ee nego \u0161to je zakonom dopu\u0161teno.<\/p>\n<h3 data-start=\"2988\" data-end=\"3014\">Dostava i logistika<\/h3>\n<p data-start=\"3015\" data-end=\"3340\"><strong data-start=\"3015\" data-end=\"3022\">DHL<\/strong><br data-start=\"3022\" data-end=\"3025\" \/>Ako kod nas naru\u010dite proizvod, na\u0161a je du\u017enost isporu\u010diti vam paket. Za isporuke koristimo usluge DHL-a. Stoga je potrebno da s DHL-om podijelimo va\u0161e ime, adresu i podatke o prebivali\u0161tu. DHL koristi ove podatke isklju\u010divo za izvr\u0161enje ugovora. Ako DHL anga\u017eira podugovara\u010de, va\u0161i podaci bit \u0107e dostupni i njima.<\/p>\n<h3 data-start=\"3342\" data-end=\"3372\">Vanjski prodajni kanali<\/h3>\n<p data-start=\"3373\" data-end=\"3743\"><strong data-start=\"3373\" data-end=\"3384\">Bol.com<\/strong><br data-start=\"3384\" data-end=\"3387\" \/>Dio na\u0161ih proizvoda prodajemo putem platforme Bol.com. Ako narud\u017ebu izvr\u0161ite putem te platforme, Bol.com \u0107e s nama podijeliti va\u0161u narud\u017ebu i osobne podatke. Mi te podatke koristimo za obradu va\u0161e narud\u017ebe. Va\u0161e podatke tretiramo povjerljivo i poduzeli smo odgovaraju\u0107e tehni\u010dke i organizacijske mjere za njihovu za\u0161titu od gubitka i neovla\u0161tene uporabe.<\/p>\n<h3 data-start=\"3750\" data-end=\"3777\">Svrha obrade podataka<\/h3>\n<p data-start=\"3779\" data-end=\"4335\">Koristimo va\u0161e podatke isklju\u010divo u svrhu pru\u017eanja na\u0161ih usluga. To zna\u010di da je svrha obrade uvijek izravno povezana s uslugom koju ste zatra\u017eili. Ne koristimo va\u0161e podatke za ciljano ogla\u0161avanje. Ako s nama podijelite podatke i mi ih iskoristimo \u2013 osim na va\u0161 zahtjev \u2013 da vas naknadno kontaktiramo, uvijek \u0107emo vas prethodno tra\u017eiti izri\u010dito dopu\u0161tenje. Va\u0161i podaci ne\u0107e se dijeliti s tre\u0107im stranama osim radi ispunjenja ra\u010dunovodstvenih i administrativnih obveza. Te su tre\u0107e strane obvezane \u010duvati povjerljivost temeljem ugovora ili zakonske obveze.<\/p>\n<h3 data-start=\"4342\" data-end=\"4371\">Preostali dio uklju\u010duje:<\/h3>\n<ul data-start=\"4372\" data-end=\"4916\">\n<li data-start=\"4372\" data-end=\"4464\">\n<p data-start=\"4374\" data-end=\"4464\"><strong data-start=\"4374\" data-end=\"4408\">Automatski prikupljene podatke<\/strong> (IP adresa, preglednik, OS \u2013 radi pobolj\u0161anja usluge)<\/p>\n<\/li>\n<li data-start=\"4465\" data-end=\"4540\">\n<p data-start=\"4467\" data-end=\"4540\"><strong data-start=\"4467\" data-end=\"4496\">Porezne i kaznene istrage<\/strong> (obveza dijeljenja podataka prema zakonu)<\/p>\n<\/li>\n<li data-start=\"4541\" data-end=\"4624\">\n<p data-start=\"4543\" data-end=\"4624\"><strong data-start=\"4543\" data-end=\"4570\">Rokove pohrane podataka<\/strong> (\u010duvaju se dok ste klijent ili dok to zakon nala\u017ee)<\/p>\n<\/li>\n<li data-start=\"4625\" data-end=\"4727\">\n<p data-start=\"4627\" data-end=\"4727\"><strong data-start=\"4627\" data-end=\"4641\">Va\u0161a prava<\/strong> (pregled, ispravak, ograni\u010denje obrade, prijenos podataka, prigovor, zaborav, itd.)<\/p>\n<\/li>\n<li data-start=\"4728\" data-end=\"4787\">\n<p data-start=\"4730\" data-end=\"4787\"><strong data-start=\"4730\" data-end=\"4742\">Kola\u010di\u0107e<\/strong> (Google Analytics, kola\u010di\u0107e tre\u0107ih strana)<\/p>\n<\/li>\n<li data-start=\"4788\" data-end=\"4916\">\n<p data-start=\"4790\" data-end=\"4916\"><strong data-start=\"4790\" data-end=\"4822\">Izmjene politike privatnosti<\/strong> (uvijek dostupne na stranici, obavijest e-mailom ako se odnosi na ve\u0107 prikupljene podatke).<\/p>\n<\/li>\n<\/ul>\n","protected":false},"excerpt":{"rendered":"<p>O na\u0161oj politici privatnosti TKTXSHOP.EU pridaje veliku va\u017enost va\u0161oj privatnosti. Stoga obra\u0111ujemo samo podatke koji su nam potrebni za (pobolj\u0161anje) na\u0161ih usluga i pa\u017eljivo postupamo s informacijama koje smo prikupili o vama i va\u0161em kori\u0161tenju na\u0161ih usluga. Va\u0161e podatke nikada ne stavljamo na raspolaganje tre\u0107im stranama u komercijalne svrhe. Ova politika privatnosti odnosi se na&#8230;<\/p>\n","protected":false},"author":8,"featured_media":0,"parent":0,"menu_order":0,"comment_status":"closed","ping_status":"open","template":"","meta":{"footnotes":""},"class_list":["post-3206","page","type-page","status-publish","hentry"],"_links":{"self":[{"href":"https:\/\/tktxshop.eu\/hr\/wp-json\/wp\/v2\/pages\/3206","targetHints":{"allow":["GET"]}}],"collection":[{"href":"https:\/\/tktxshop.eu\/hr\/wp-json\/wp\/v2\/pages"}],"about":[{"href":"https:\/\/tktxshop.eu\/hr\/wp-json\/wp\/v2\/types\/page"}],"author":[{"embeddable":true,"href":"https:\/\/tktxshop.eu\/hr\/wp-json\/wp\/v2\/users\/8"}],"replies":[{"embeddable":true,"href":"https:\/\/tktxshop.eu\/hr\/wp-json\/wp\/v2\/comments?post=3206"}],"version-history":[{"count":2,"href":"https:\/\/tktxshop.eu\/hr\/wp-json\/wp\/v2\/pages\/3206\/revisions"}],"predecessor-version":[{"id":3208,"href":"https:\/\/tktxshop.eu\/hr\/wp-json\/wp\/v2\/pages\/3206\/revisions\/3208"}],"wp:attachment":[{"href":"https:\/\/tktxshop.eu\/hr\/wp-json\/wp\/v2\/media?parent=3206"}],"curies":[{"name":"wp","href":"https:\/\/api.w.org\/{rel}","templated":true}]}}