{"id":3199,"date":"2023-03-01T13:25:03","date_gmt":"2023-03-01T13:25:03","guid":{"rendered":"https:\/\/tktxshop.eu\/?page_id=3199"},"modified":"2025-09-24T19:03:11","modified_gmt":"2025-09-24T19:03:11","slug":"dostava-i-slanje","status":"publish","type":"page","link":"https:\/\/tktxshop.eu\/hr\/dostava-i-slanje\/","title":{"rendered":"Dostava i slanje"},"content":{"rendered":"<h2>Dostava i isporuka<\/h2>\n<p>Naru\u010deno prije 15:00, \u0161alje se isti dan. Narud\u017ebe zaprimljene prije 15:00 bit \u0107e poslane isti dan i najvjerojatnije dostavljene sljede\u0107i dan (osim vikenda i praznika). Sve narud\u017ebe iznad 100 eura \u0161alju se besplatno s opcijom pra\u0107enja po\u0161iljke (track and trace).<\/p>\n<p>Svi paketi se standardno \u0161alju putem DHL-a. \u010cim narud\u017eba napusti na\u0161e skladi\u0161te, bit \u0107ete obavije\u0161teni i mo\u0107i \u0107ete pratiti svoju narud\u017ebu, pod uvjetom da je poslana s opcijom track and trace.<br \/>Promjena adrese dostave<\/p>\n<h2>Nakon \u0161to je narud\u017eba izvr\u0161ena, adresa se ne mo\u017ee promijeniti.<\/h2>\n<p>Na tktxshop.eu nastojimo zapakirati i poslati narud\u017ebe \u0161to je prije mogu\u0107e. Promjena adrese nakon \u0161to je narud\u017eba poslana mogu\u0107a je samo ako narud\u017eba jo\u0161 nije obra\u0111ena u na\u0161em skladi\u0161tu.<\/p>\n","protected":false},"excerpt":{"rendered":"<p>Dostava i isporuka Naru\u010deno prije 15:00, \u0161alje se isti dan. Narud\u017ebe zaprimljene prije 15:00 bit \u0107e poslane isti dan i najvjerojatnije dostavljene sljede\u0107i dan (osim vikenda i praznika). Sve narud\u017ebe iznad 100 eura \u0161alju se besplatno s opcijom pra\u0107enja po\u0161iljke (track and trace). Svi paketi se standardno \u0161alju putem DHL-a. \u010cim narud\u017eba napusti na\u0161e skladi\u0161te,&#8230;<\/p>\n","protected":false},"author":8,"featured_media":0,"parent":0,"menu_order":0,"comment_status":"closed","ping_status":"closed","template":"","meta":{"footnotes":""},"class_list":["post-3199","page","type-page","status-publish","hentry"],"_links":{"self":[{"href":"https:\/\/tktxshop.eu\/hr\/wp-json\/wp\/v2\/pages\/3199","targetHints":{"allow":["GET"]}}],"collection":[{"href":"https:\/\/tktxshop.eu\/hr\/wp-json\/wp\/v2\/pages"}],"about":[{"href":"https:\/\/tktxshop.eu\/hr\/wp-json\/wp\/v2\/types\/page"}],"author":[{"embeddable":true,"href":"https:\/\/tktxshop.eu\/hr\/wp-json\/wp\/v2\/users\/8"}],"replies":[{"embeddable":true,"href":"https:\/\/tktxshop.eu\/hr\/wp-json\/wp\/v2\/comments?post=3199"}],"version-history":[{"count":2,"href":"https:\/\/tktxshop.eu\/hr\/wp-json\/wp\/v2\/pages\/3199\/revisions"}],"predecessor-version":[{"id":3201,"href":"https:\/\/tktxshop.eu\/hr\/wp-json\/wp\/v2\/pages\/3199\/revisions\/3201"}],"wp:attachment":[{"href":"https:\/\/tktxshop.eu\/hr\/wp-json\/wp\/v2\/media?parent=3199"}],"curies":[{"name":"wp","href":"https:\/\/api.w.org\/{rel}","templated":true}]}}