{"id":3182,"date":"2023-03-01T13:23:45","date_gmt":"2023-03-01T13:23:45","guid":{"rendered":"https:\/\/tktxshop.eu\/?page_id=3182"},"modified":"2025-09-24T18:41:55","modified_gmt":"2025-09-24T18:41:55","slug":"pravila-povrata","status":"publish","type":"page","link":"https:\/\/tktxshop.eu\/hr\/pravila-povrata\/","title":{"rendered":"Pravila povrata"},"content":{"rendered":"<h2 data-start=\"91\" data-end=\"123\"><strong data-start=\"91\" data-end=\"121\">14-dnevna politika povrata<\/strong><\/h2>\n<p data-start=\"125\" data-end=\"266\">Va\u0161a narud\u017eba nije ono \u0161to ste o\u010dekivali? <strong data-start=\"167\" data-end=\"182\">TKTXSHOP.EU<\/strong> vam nudi jamstvo povrata narud\u017ebe u roku od 14 dana nakon kupnje uz povrat novca.<\/p>\n<p data-start=\"268\" data-end=\"890\">Naravno, to je mogu\u0107e samo s neo\u0161te\u0107enom ambala\u017eom koja se vra\u0107a s neotvorenim pe\u010datima. Tako\u0111er molimo da paket bude dovoljno frankiran. Nakon primitka robe, iznos s ra\u010duna vratit \u0107emo vam u roku od 14 dana. I tro\u0161kovi i rizik slanja (na primjer, ako se paket izgubi kod PostNL-a) u slu\u010daju povrata idu na va\u0161 teret. Ako \u017eelite biti sigurni da \u0107e paket do\u0107i do nas, po\u0161aljite ga preporu\u010denom po\u0161tom ili kao paket. Tako\u0111er vas ljubazno molimo da svoj povrat registrirate unutar 14 dana od primitka, slanjem e-maila na <strong data-start=\"786\" data-end=\"806\"><a class=\"decorated-link cursor-pointer\" rel=\"noopener\" data-start=\"788\" data-end=\"804\">info@tktxshop.eu<\/a><\/strong><\/p>\n<p data-start=\"268\" data-end=\"890\">\u00a0<\/p>\n<h2 data-start=\"1229\" data-end=\"1249\"><strong data-start=\"1229\" data-end=\"1247\">Pravne odredbe<\/strong><\/h2>\n<p data-start=\"1251\" data-end=\"1812\" data-is-last-node=\"\" data-is-only-node=\"\">Zakonski je propisano da kupac ima rok od 14 dana za otkazivanje kupnje bez navo\u0111enja razloga. Ovaj rok povrata po\u010dinje te\u0107i na dan primitka proizvoda. Od trenutka kada prijavite povrat imate 14 dana da vratite proizvod. To je mogu\u0107e samo ako se proizvod vrati nekori\u0161ten, neo\u0161te\u0107en i u originalnom pakiranju. Tro\u0161kove povrata snosi kupac. Iznos ra\u010duna bit \u0107e vra\u0107en na va\u0161e sredstvo pla\u0107anja u roku od 14 dana, osim ako kupac ne navede druga\u010dije. Povrati se mogu poslati na donju adresu. Pitanja o povratima najbolje je postaviti putem WhatsAppa ili e-maila.<\/p>\n","protected":false},"excerpt":{"rendered":"<p>14-dnevna politika povrata Va\u0161a narud\u017eba nije ono \u0161to ste o\u010dekivali? TKTXSHOP.EU vam nudi jamstvo povrata narud\u017ebe u roku od 14 dana nakon kupnje uz povrat novca. Naravno, to je mogu\u0107e samo s neo\u0161te\u0107enom ambala\u017eom koja se vra\u0107a s neotvorenim pe\u010datima. Tako\u0111er molimo da paket bude dovoljno frankiran. Nakon primitka robe, iznos s ra\u010duna vratit \u0107emo&#8230;<\/p>\n","protected":false},"author":8,"featured_media":0,"parent":0,"menu_order":0,"comment_status":"closed","ping_status":"closed","template":"","meta":{"footnotes":""},"class_list":["post-3182","page","type-page","status-publish","hentry"],"_links":{"self":[{"href":"https:\/\/tktxshop.eu\/hr\/wp-json\/wp\/v2\/pages\/3182","targetHints":{"allow":["GET"]}}],"collection":[{"href":"https:\/\/tktxshop.eu\/hr\/wp-json\/wp\/v2\/pages"}],"about":[{"href":"https:\/\/tktxshop.eu\/hr\/wp-json\/wp\/v2\/types\/page"}],"author":[{"embeddable":true,"href":"https:\/\/tktxshop.eu\/hr\/wp-json\/wp\/v2\/users\/8"}],"replies":[{"embeddable":true,"href":"https:\/\/tktxshop.eu\/hr\/wp-json\/wp\/v2\/comments?post=3182"}],"version-history":[{"count":2,"href":"https:\/\/tktxshop.eu\/hr\/wp-json\/wp\/v2\/pages\/3182\/revisions"}],"predecessor-version":[{"id":3184,"href":"https:\/\/tktxshop.eu\/hr\/wp-json\/wp\/v2\/pages\/3182\/revisions\/3184"}],"wp:attachment":[{"href":"https:\/\/tktxshop.eu\/hr\/wp-json\/wp\/v2\/media?parent=3182"}],"curies":[{"name":"wp","href":"https:\/\/api.w.org\/{rel}","templated":true}]}}