{"id":2942,"date":"2025-03-14T14:12:40","date_gmt":"2025-03-14T14:12:40","guid":{"rendered":"https:\/\/tktxshop.eu\/?post_type=product&#038;p=2942"},"modified":"2026-02-26T17:56:24","modified_gmt":"2026-02-26T17:56:24","slug":"tktx-or-99-exclusif","status":"publish","type":"product","link":"https:\/\/tktxshop.eu\/fr\/produit\/tktx-or-99-exclusif\/","title":{"rendered":"TKTX OR 99% EXCLUSIF"},"content":{"rendered":"<p>La cr\u00e8me TKTX Or 99% est la cr\u00e8me la plus puissante de la s\u00e9rie TKTX. Cette cr\u00e8me poss\u00e8de une formule encore plus forte que le 75% avec un facteur de concentration de 55% et offre un effet moyen de 3 \u00e0 6 heures, selon le type de peau.<\/p>\n","protected":false},"excerpt":{"rendered":"<p><strong>Marque:<\/strong> TKTX<br \/>\n<strong>Article:<\/strong> TKTX OR 99%<br \/>\n<strong>Poids:<\/strong> 10g\/tube<br \/>\n<strong>P\u00e9riode de validit\u00e9:<\/strong> 2 ans<\/p>\n","protected":false},"featured_media":2956,"template":"","meta":[],"product_brand":[],"product_cat":[63,64],"product_tag":[],"class_list":{"0":"post-2942","1":"product","2":"type-product","3":"status-publish","4":"has-post-thumbnail","6":"product_cat-tktx-fr","7":"product_cat-tktx-or-fr","9":"first","10":"instock","11":"taxable","12":"shipping-taxable","13":"purchasable","14":"product-type-variable"},"_links":{"self":[{"href":"https:\/\/tktxshop.eu\/fr\/wp-json\/wp\/v2\/product\/2942","targetHints":{"allow":["GET"]}}],"collection":[{"href":"https:\/\/tktxshop.eu\/fr\/wp-json\/wp\/v2\/product"}],"about":[{"href":"https:\/\/tktxshop.eu\/fr\/wp-json\/wp\/v2\/types\/product"}],"wp:featuredmedia":[{"embeddable":true,"href":"https:\/\/tktxshop.eu\/fr\/wp-json\/wp\/v2\/media\/2956"}],"wp:attachment":[{"href":"https:\/\/tktxshop.eu\/fr\/wp-json\/wp\/v2\/media?parent=2942"}],"wp:term":[{"taxonomy":"product_brand","embeddable":true,"href":"https:\/\/tktxshop.eu\/fr\/wp-json\/wp\/v2\/product_brand?post=2942"},{"taxonomy":"product_cat","embeddable":true,"href":"https:\/\/tktxshop.eu\/fr\/wp-json\/wp\/v2\/product_cat?post=2942"},{"taxonomy":"product_tag","embeddable":true,"href":"https:\/\/tktxshop.eu\/fr\/wp-json\/wp\/v2\/product_tag?post=2942"}],"curies":[{"name":"wp","href":"https:\/\/api.w.org\/{rel}","templated":true}]}}