{"id":2276,"date":"2023-03-06T14:19:04","date_gmt":"2023-03-06T14:19:04","guid":{"rendered":"https:\/\/tktxshop.eu\/product\/tktx-goud-gold-40-10g\/"},"modified":"2024-04-08T19:54:46","modified_gmt":"2024-04-08T19:54:46","slug":"tktx-or-40-10g","status":"publish","type":"product","link":"https:\/\/tktxshop.eu\/fr\/produit\/tktx-or-40-10g\/","title":{"rendered":"TKTX OR 40%"},"content":{"rendered":"<p>La cr\u00e8me TKTX OR 40% est l&rsquo;une des cr\u00e8mes pour tatouage les plus populaires au monde. Cette cr\u00e8me poss\u00e8de une formule puissante avec un facteur de concentration de 40% et offre un effet moyen de 2 \u00e0 4 heures, selon le type de peau.<\/p>\n","protected":false},"excerpt":{"rendered":"<p><span><strong>Marque :<\/strong> TKTX<br \/>\n<strong>Article :<\/strong> TKTX OR 40%<br \/>\n<strong>Poids :<\/strong> 10g\/tube<br \/>\n<strong>P\u00e9riode de validit\u00e9 :<\/strong> 2 ans<br \/>\n<\/span><\/p>\n","protected":false},"featured_media":1673,"template":"","meta":[],"product_brand":[],"product_cat":[63,64],"product_tag":[],"class_list":{"0":"post-2276","1":"product","2":"type-product","3":"status-publish","4":"has-post-thumbnail","6":"product_cat-tktx-fr","7":"product_cat-tktx-or-fr","9":"first","10":"instock","11":"taxable","12":"shipping-taxable","13":"purchasable","14":"product-type-simple"},"_links":{"self":[{"href":"https:\/\/tktxshop.eu\/fr\/wp-json\/wp\/v2\/product\/2276","targetHints":{"allow":["GET"]}}],"collection":[{"href":"https:\/\/tktxshop.eu\/fr\/wp-json\/wp\/v2\/product"}],"about":[{"href":"https:\/\/tktxshop.eu\/fr\/wp-json\/wp\/v2\/types\/product"}],"wp:featuredmedia":[{"embeddable":true,"href":"https:\/\/tktxshop.eu\/fr\/wp-json\/wp\/v2\/media\/1673"}],"wp:attachment":[{"href":"https:\/\/tktxshop.eu\/fr\/wp-json\/wp\/v2\/media?parent=2276"}],"wp:term":[{"taxonomy":"product_brand","embeddable":true,"href":"https:\/\/tktxshop.eu\/fr\/wp-json\/wp\/v2\/product_brand?post=2276"},{"taxonomy":"product_cat","embeddable":true,"href":"https:\/\/tktxshop.eu\/fr\/wp-json\/wp\/v2\/product_cat?post=2276"},{"taxonomy":"product_tag","embeddable":true,"href":"https:\/\/tktxshop.eu\/fr\/wp-json\/wp\/v2\/product_tag?post=2276"}],"curies":[{"name":"wp","href":"https:\/\/api.w.org\/{rel}","templated":true}]}}