{"id":2270,"date":"2023-03-13T16:00:16","date_gmt":"2023-03-13T16:00:16","guid":{"rendered":"https:\/\/tktxshop.eu\/product\/tktx-red-40\/"},"modified":"2024-04-08T19:52:41","modified_gmt":"2024-04-08T19:52:41","slug":"tktx-rouge-40","status":"publish","type":"product","link":"https:\/\/tktxshop.eu\/fr\/produit\/tktx-rouge-40\/","title":{"rendered":"TKTX ROUGE 40%"},"content":{"rendered":"<p>La cr\u00e8me TKTX Rouge 40% est l&rsquo;une des cr\u00e8mes pour tatouage les plus populaires au monde. Cette cr\u00e8me poss\u00e8de une formule puissante avec un facteur de concentration de 40% et offre un effet moyen de 2 \u00e0 4 heures, selon le type de peau.<\/p>\n","protected":false},"excerpt":{"rendered":"<p><span><strong>Marque :<\/strong> TKTX<br \/>\n<strong>Article :<\/strong> TKTX Rouge 40%<br \/>\n<strong>Poids :<\/strong> 10g\/tube<br \/>\n<strong>P\u00e9riode de validit\u00e9 :<\/strong> 2 ans<br \/>\n<\/span><\/p>\n","protected":false},"featured_media":1703,"template":"","meta":[],"product_brand":[],"product_cat":[63,90],"product_tag":[151,134,92,73],"class_list":{"0":"post-2270","1":"product","2":"type-product","3":"status-publish","4":"has-post-thumbnail","6":"product_cat-tktx-fr","7":"product_cat-tktx-rouge-fr","8":"product_tag-tktx-40-fr","9":"product_tag-tktx-red-fr","10":"product_tag-tktx-rood-fr","11":"product_tag-tktx-zalf-fr","13":"first","14":"instock","15":"taxable","16":"shipping-taxable","17":"purchasable","18":"product-type-simple"},"_links":{"self":[{"href":"https:\/\/tktxshop.eu\/fr\/wp-json\/wp\/v2\/product\/2270","targetHints":{"allow":["GET"]}}],"collection":[{"href":"https:\/\/tktxshop.eu\/fr\/wp-json\/wp\/v2\/product"}],"about":[{"href":"https:\/\/tktxshop.eu\/fr\/wp-json\/wp\/v2\/types\/product"}],"wp:featuredmedia":[{"embeddable":true,"href":"https:\/\/tktxshop.eu\/fr\/wp-json\/wp\/v2\/media\/1703"}],"wp:attachment":[{"href":"https:\/\/tktxshop.eu\/fr\/wp-json\/wp\/v2\/media?parent=2270"}],"wp:term":[{"taxonomy":"product_brand","embeddable":true,"href":"https:\/\/tktxshop.eu\/fr\/wp-json\/wp\/v2\/product_brand?post=2270"},{"taxonomy":"product_cat","embeddable":true,"href":"https:\/\/tktxshop.eu\/fr\/wp-json\/wp\/v2\/product_cat?post=2270"},{"taxonomy":"product_tag","embeddable":true,"href":"https:\/\/tktxshop.eu\/fr\/wp-json\/wp\/v2\/product_tag?post=2270"}],"curies":[{"name":"wp","href":"https:\/\/api.w.org\/{rel}","templated":true}]}}