{"id":2266,"date":"2023-03-13T16:00:44","date_gmt":"2023-03-13T16:00:44","guid":{"rendered":"https:\/\/tktxshop.eu\/product\/tktx-white-40\/"},"modified":"2024-04-08T19:51:52","modified_gmt":"2024-04-08T19:51:52","slug":"tktx-blanc-40","status":"publish","type":"product","link":"https:\/\/tktxshop.eu\/fr\/produit\/tktx-blanc-40\/","title":{"rendered":"TKTX Blanc 40%"},"content":{"rendered":"<p>La cr\u00e8me TKTX Blanc 40% est l&rsquo;une des cr\u00e8mes pour tatouage les plus populaires au monde. Cette cr\u00e8me poss\u00e8de une formule puissante avec un facteur de concentration de 40% et offre un effet moyen de 2 \u00e0 4 heures, selon le type de peau.<\/p>\n","protected":false},"excerpt":{"rendered":"<p><span><strong>Marque :<\/strong> TKTX<br \/>\n<strong>Article :<\/strong> TKTX Blanc 40%<br \/>\n<strong>Poids :<\/strong> 10g\/tube<br \/>\n<strong>P\u00e9riode de validit\u00e9 :<\/strong> 2 ans<br \/>\n<\/span><\/p>\n","protected":false},"featured_media":1712,"template":"","meta":[],"product_brand":[],"product_cat":[63,102],"product_tag":[151,103,104,73],"class_list":{"0":"post-2266","1":"product","2":"type-product","3":"status-publish","4":"has-post-thumbnail","6":"product_cat-tktx-fr","7":"product_cat-tktx-blanc-fr","8":"product_tag-tktx-40-fr","9":"product_tag-tktx-white-fr","10":"product_tag-tktx-wit-fr","11":"product_tag-tktx-zalf-fr","13":"first","14":"instock","15":"taxable","16":"shipping-taxable","17":"purchasable","18":"product-type-simple"},"_links":{"self":[{"href":"https:\/\/tktxshop.eu\/fr\/wp-json\/wp\/v2\/product\/2266","targetHints":{"allow":["GET"]}}],"collection":[{"href":"https:\/\/tktxshop.eu\/fr\/wp-json\/wp\/v2\/product"}],"about":[{"href":"https:\/\/tktxshop.eu\/fr\/wp-json\/wp\/v2\/types\/product"}],"wp:featuredmedia":[{"embeddable":true,"href":"https:\/\/tktxshop.eu\/fr\/wp-json\/wp\/v2\/media\/1712"}],"wp:attachment":[{"href":"https:\/\/tktxshop.eu\/fr\/wp-json\/wp\/v2\/media?parent=2266"}],"wp:term":[{"taxonomy":"product_brand","embeddable":true,"href":"https:\/\/tktxshop.eu\/fr\/wp-json\/wp\/v2\/product_brand?post=2266"},{"taxonomy":"product_cat","embeddable":true,"href":"https:\/\/tktxshop.eu\/fr\/wp-json\/wp\/v2\/product_cat?post=2266"},{"taxonomy":"product_tag","embeddable":true,"href":"https:\/\/tktxshop.eu\/fr\/wp-json\/wp\/v2\/product_tag?post=2266"}],"curies":[{"name":"wp","href":"https:\/\/api.w.org\/{rel}","templated":true}]}}