{"id":2226,"date":"2023-04-10T14:34:49","date_gmt":"2023-04-10T14:34:49","guid":{"rendered":"https:\/\/tktxshop.eu\/product\/tktx-gold-55\/"},"modified":"2024-04-04T21:01:27","modified_gmt":"2024-04-04T21:01:27","slug":"tktx-or-55","status":"publish","type":"product","link":"https:\/\/tktxshop.eu\/fr\/produit\/tktx-or-55\/","title":{"rendered":"TKTX OR 55%"},"content":{"rendered":"<p>La cr\u00e8me TKTX Or 55% est l&rsquo;une des cr\u00e8mes pour tatouages les plus populaires au monde. Cette cr\u00e8me poss\u00e8de une formule encore plus puissante que celle \u00e0 40 %, avec un facteur de concentration de 55 %, et offre un effet moyen de 2 \u00e0 5 heures, selon le type de peau.<\/p>\n","protected":false},"excerpt":{"rendered":"<p><span ><strong>Marque :<\/strong> TKTX<br \/>\n<strong>Article :<\/strong> TKTX OR 55%<br \/>\n<strong>Poids :<\/strong> 10 g\/tube<br \/>\n<strong>P\u00e9riode de validit\u00e9 :<\/strong> 2 ans<br \/>\n<\/span><\/p>\n","protected":false},"featured_media":1757,"template":"","meta":[],"product_brand":[],"product_cat":[63,64],"product_tag":[133,145,146,73],"class_list":{"0":"post-2226","1":"product","2":"type-product","3":"status-publish","4":"has-post-thumbnail","6":"product_cat-tktx-fr","7":"product_cat-tktx-or-fr","8":"product_tag-tktx-55-fr-2","9":"product_tag-tktx-gold-fr","10":"product_tag-tktx-goud-fr","11":"product_tag-tktx-zalf-fr","13":"first","14":"instock","15":"taxable","16":"shipping-taxable","17":"purchasable","18":"product-type-simple"},"_links":{"self":[{"href":"https:\/\/tktxshop.eu\/fr\/wp-json\/wp\/v2\/product\/2226","targetHints":{"allow":["GET"]}}],"collection":[{"href":"https:\/\/tktxshop.eu\/fr\/wp-json\/wp\/v2\/product"}],"about":[{"href":"https:\/\/tktxshop.eu\/fr\/wp-json\/wp\/v2\/types\/product"}],"wp:featuredmedia":[{"embeddable":true,"href":"https:\/\/tktxshop.eu\/fr\/wp-json\/wp\/v2\/media\/1757"}],"wp:attachment":[{"href":"https:\/\/tktxshop.eu\/fr\/wp-json\/wp\/v2\/media?parent=2226"}],"wp:term":[{"taxonomy":"product_brand","embeddable":true,"href":"https:\/\/tktxshop.eu\/fr\/wp-json\/wp\/v2\/product_brand?post=2226"},{"taxonomy":"product_cat","embeddable":true,"href":"https:\/\/tktxshop.eu\/fr\/wp-json\/wp\/v2\/product_cat?post=2226"},{"taxonomy":"product_tag","embeddable":true,"href":"https:\/\/tktxshop.eu\/fr\/wp-json\/wp\/v2\/product_tag?post=2226"}],"curies":[{"name":"wp","href":"https:\/\/api.w.org\/{rel}","templated":true}]}}