{"id":2212,"date":"2023-04-10T14:29:17","date_gmt":"2023-04-10T14:29:17","guid":{"rendered":"https:\/\/tktxshop.eu\/product\/tktx-red-55\/"},"modified":"2024-04-04T21:05:14","modified_gmt":"2024-04-04T21:05:14","slug":"tktx-rouge-55","status":"publish","type":"product","link":"https:\/\/tktxshop.eu\/fr\/produit\/tktx-rouge-55\/","title":{"rendered":"TKTX ROUGE 55%"},"content":{"rendered":"<p>La cr\u00e8me TKTX Rouge 55% est l&rsquo;une des cr\u00e8mes pour tatouages les plus populaires au monde. Cette cr\u00e8me poss\u00e8de une formule encore plus puissante que celle \u00e0 40 %, avec un facteur de concentration de 55 %, et offre un effet moyen de 2 \u00e0 5 heures, selon le type de peau.<\/p>\n","protected":false},"excerpt":{"rendered":"<p><span ><strong>Marque :<\/strong> TKTX<br \/>\n<strong>Article :<\/strong> TKTX Rouge 55%<br \/>\n<strong>Poids :<\/strong> 10 g\/tube<br \/>\n<strong>P\u00e9riode de validit\u00e9 :<\/strong> 2 ans<br \/>\n<\/span><\/p>\n","protected":false},"featured_media":1751,"template":"","meta":[],"product_brand":[],"product_cat":[63,90],"product_tag":[133,134,92,73],"class_list":{"0":"post-2212","1":"product","2":"type-product","3":"status-publish","4":"has-post-thumbnail","6":"product_cat-tktx-fr","7":"product_cat-tktx-rouge-fr","8":"product_tag-tktx-55-fr-2","9":"product_tag-tktx-red-fr","10":"product_tag-tktx-rood-fr","11":"product_tag-tktx-zalf-fr","13":"first","14":"instock","15":"taxable","16":"shipping-taxable","17":"purchasable","18":"product-type-simple"},"_links":{"self":[{"href":"https:\/\/tktxshop.eu\/fr\/wp-json\/wp\/v2\/product\/2212","targetHints":{"allow":["GET"]}}],"collection":[{"href":"https:\/\/tktxshop.eu\/fr\/wp-json\/wp\/v2\/product"}],"about":[{"href":"https:\/\/tktxshop.eu\/fr\/wp-json\/wp\/v2\/types\/product"}],"wp:featuredmedia":[{"embeddable":true,"href":"https:\/\/tktxshop.eu\/fr\/wp-json\/wp\/v2\/media\/1751"}],"wp:attachment":[{"href":"https:\/\/tktxshop.eu\/fr\/wp-json\/wp\/v2\/media?parent=2212"}],"wp:term":[{"taxonomy":"product_brand","embeddable":true,"href":"https:\/\/tktxshop.eu\/fr\/wp-json\/wp\/v2\/product_brand?post=2212"},{"taxonomy":"product_cat","embeddable":true,"href":"https:\/\/tktxshop.eu\/fr\/wp-json\/wp\/v2\/product_cat?post=2212"},{"taxonomy":"product_tag","embeddable":true,"href":"https:\/\/tktxshop.eu\/fr\/wp-json\/wp\/v2\/product_tag?post=2212"}],"curies":[{"name":"wp","href":"https:\/\/api.w.org\/{rel}","templated":true}]}}