{"id":2013,"date":"2023-04-10T14:53:22","date_gmt":"2023-04-10T14:53:22","guid":{"rendered":"https:\/\/tktxshop.eu\/product\/tktx-blue-75\/"},"modified":"2024-04-04T18:41:35","modified_gmt":"2024-04-04T18:41:35","slug":"tktx-bleu-75","status":"publish","type":"product","link":"https:\/\/tktxshop.eu\/fr\/produit\/tktx-bleu-75\/","title":{"rendered":"TKTX BLEU 75% EXCLUSIF"},"content":{"rendered":"<p>La cr\u00e8me TKTX Bleu 75% est la cr\u00e8me la plus puissante de la s\u00e9rie TKTX. Cette cr\u00e8me poss\u00e8de une formule encore plus forte que le 55% avec un facteur de concentration de 75% et offre un effet moyen de 3 \u00e0 6 heures, selon le type de peau.<\/p>\n","protected":false},"excerpt":{"rendered":"<p><span><strong>Marque:<\/strong> TKTX<br \/>\n<strong>Article:<\/strong> TKTX BLEU 75%<br \/>\n<strong>Poids:<\/strong> 10g\/tube<br \/>\n<strong>P\u00e9riode de validit\u00e9:<\/strong> 2 ans<br \/>\n<\/span><\/p>\n","protected":false},"featured_media":1787,"template":"","meta":[],"product_brand":[],"product_cat":[63,84],"product_tag":[70,85,86,73],"class_list":{"0":"post-2013","1":"product","2":"type-product","3":"status-publish","4":"has-post-thumbnail","6":"product_cat-tktx-fr","7":"product_cat-tktx-bleu-fr","8":"product_tag-tktx-75-fr","9":"product_tag-tktx-blauw-fr","10":"product_tag-tktx-blue-fr","11":"product_tag-tktx-zalf-fr","13":"first","14":"instock","15":"taxable","16":"shipping-taxable","17":"purchasable","18":"product-type-simple"},"_links":{"self":[{"href":"https:\/\/tktxshop.eu\/fr\/wp-json\/wp\/v2\/product\/2013","targetHints":{"allow":["GET"]}}],"collection":[{"href":"https:\/\/tktxshop.eu\/fr\/wp-json\/wp\/v2\/product"}],"about":[{"href":"https:\/\/tktxshop.eu\/fr\/wp-json\/wp\/v2\/types\/product"}],"wp:featuredmedia":[{"embeddable":true,"href":"https:\/\/tktxshop.eu\/fr\/wp-json\/wp\/v2\/media\/1787"}],"wp:attachment":[{"href":"https:\/\/tktxshop.eu\/fr\/wp-json\/wp\/v2\/media?parent=2013"}],"wp:term":[{"taxonomy":"product_brand","embeddable":true,"href":"https:\/\/tktxshop.eu\/fr\/wp-json\/wp\/v2\/product_brand?post=2013"},{"taxonomy":"product_cat","embeddable":true,"href":"https:\/\/tktxshop.eu\/fr\/wp-json\/wp\/v2\/product_cat?post=2013"},{"taxonomy":"product_tag","embeddable":true,"href":"https:\/\/tktxshop.eu\/fr\/wp-json\/wp\/v2\/product_tag?post=2013"}],"curies":[{"name":"wp","href":"https:\/\/api.w.org\/{rel}","templated":true}]}}