{"id":1983,"date":"2023-03-01T13:25:03","date_gmt":"2023-03-01T13:25:03","guid":{"rendered":"https:\/\/tktxshop.eu\/shipping-and-delivery\/"},"modified":"2024-04-03T19:48:40","modified_gmt":"2024-04-03T19:48:40","slug":"expedition-et-livraison","status":"publish","type":"page","link":"https:\/\/tktxshop.eu\/fr\/expedition-et-livraison\/","title":{"rendered":"Exp\u00e9dition et livraison"},"content":{"rendered":"<h2>Exp\u00e9dition et livraison<\/h2>\n<p>Command\u00e9 avant 15h00, exp\u00e9di\u00e9 le jour m\u00eame. Les commandes pass\u00e9es avant 15h00 seront exp\u00e9di\u00e9es le jour m\u00eame et seront tr\u00e8s probablement livr\u00e9es le lendemain (hors week-ends et jours f\u00e9ri\u00e9s). Toutes les commandes de plus de 100 euros sont exp\u00e9di\u00e9es gratuitement avec suivi.<\/p>\n<p>Tous les colis sont envoy\u00e9s par DHL en standard. D\u00e8s que la commande quitte notre entrep\u00f4t, vous serez inform\u00e9 et vous pourrez suivre votre commande, \u00e0 condition qu&rsquo;elle ait \u00e9t\u00e9 exp\u00e9di\u00e9e avec suivi.<\/p>\n<h2>Modifier l&rsquo;adresse de livraison<\/h2>\n<p>Apr\u00e8s avoir pass\u00e9 la commande, l&rsquo;adresse ne peut pas \u00eatre modifi\u00e9e.<\/p>\n<p>Sur TKTXSHOP.EU, nous essayons de pr\u00e9parer et d&rsquo;exp\u00e9dier les commandes d\u00e8s que possible. Un changement d&rsquo;adresse apr\u00e8s la passation de commande n&rsquo;est possible que si la commande n&rsquo;a pas encore \u00e9t\u00e9 trait\u00e9e dans notre entrep\u00f4t.<\/p>\n<p>Des questions ? Veuillez contacter le service client\u00e8le et avoir votre num\u00e9ro de commande et votre adresse \u00e0 port\u00e9e de main.<\/p>\n","protected":false},"excerpt":{"rendered":"<p>Exp\u00e9dition et livraison Command\u00e9 avant 15h00, exp\u00e9di\u00e9 le jour m\u00eame. Les commandes pass\u00e9es avant 15h00 seront exp\u00e9di\u00e9es le jour m\u00eame et seront tr\u00e8s probablement livr\u00e9es le lendemain (hors week-ends et jours f\u00e9ri\u00e9s). Toutes les commandes de plus de 100 euros sont exp\u00e9di\u00e9es gratuitement avec suivi. Tous les colis sont envoy\u00e9s par DHL en standard. D\u00e8s&#8230;<\/p>\n","protected":false},"author":1,"featured_media":0,"parent":0,"menu_order":0,"comment_status":"closed","ping_status":"closed","template":"","meta":{"footnotes":""},"class_list":["post-1983","page","type-page","status-publish","hentry"],"_links":{"self":[{"href":"https:\/\/tktxshop.eu\/fr\/wp-json\/wp\/v2\/pages\/1983","targetHints":{"allow":["GET"]}}],"collection":[{"href":"https:\/\/tktxshop.eu\/fr\/wp-json\/wp\/v2\/pages"}],"about":[{"href":"https:\/\/tktxshop.eu\/fr\/wp-json\/wp\/v2\/types\/page"}],"author":[{"embeddable":true,"href":"https:\/\/tktxshop.eu\/fr\/wp-json\/wp\/v2\/users\/1"}],"replies":[{"embeddable":true,"href":"https:\/\/tktxshop.eu\/fr\/wp-json\/wp\/v2\/comments?post=1983"}],"version-history":[{"count":3,"href":"https:\/\/tktxshop.eu\/fr\/wp-json\/wp\/v2\/pages\/1983\/revisions"}],"predecessor-version":[{"id":2157,"href":"https:\/\/tktxshop.eu\/fr\/wp-json\/wp\/v2\/pages\/1983\/revisions\/2157"}],"wp:attachment":[{"href":"https:\/\/tktxshop.eu\/fr\/wp-json\/wp\/v2\/media?parent=1983"}],"curies":[{"name":"wp","href":"https:\/\/api.w.org\/{rel}","templated":true}]}}