{"id":1980,"date":"2023-03-01T13:23:45","date_gmt":"2023-03-01T13:23:45","guid":{"rendered":"https:\/\/tktxshop.eu\/return-policy\/"},"modified":"2024-04-03T19:52:33","modified_gmt":"2024-04-03T19:52:33","slug":"politique-de-retour","status":"publish","type":"page","link":"https:\/\/tktxshop.eu\/fr\/politique-de-retour\/","title":{"rendered":"Politique de retour"},"content":{"rendered":"<h2>Politique de retour de 14 jours<\/h2>\n<p>Votre commande ne correspond pas \u00e0 vos attentes ? TKTXSHOP.EU vous offre la garantie de retourner votre commande dans les 14 jours suivant l&rsquo;achat et de r\u00e9cup\u00e9rer votre argent.<\/p>\n<p>Logiquement, cela n&rsquo;est possible qu&rsquo;avec un emballage non endommag\u00e9 retourn\u00e9 avec les sceaux intacts. Veuillez \u00e9galement affranchir suffisamment le colis. Apr\u00e8s r\u00e9ception des marchandises, nous vous rembourserons le montant de la facture dans les 14 jours. Les frais et le risque d&rsquo;envoi (par exemple, si un colis est perdu chez PostNL) sont \u00e0 votre charge en cas de retour. Donc, si vous voulez \u00eatre s\u00fbr que le colis nous parviendra, envoyez votre retour par courrier recommand\u00e9 ou en tant que colis. Nous vous demandons \u00e9galement de bien vouloir enregistrer votre retour dans les 14 jours suivant la r\u00e9ception en envoyant un e-mail \u00e0 info@tktxshop.eu en indiquant le num\u00e9ro de commande. Veuillez indiquer le num\u00e9ro de commande sur le colis de retour.<\/p>\n<p>Les retours non identifiables seront renvoy\u00e9s \u00e0 l&rsquo;exp\u00e9diteur, si possible. NB ! Les frais de retour sont \u00e0 votre charge.<\/p>\n<p>NB ! Les sceaux sur l&#8217;emballage ne doivent pas \u00eatre bris\u00e9s. Les retours qui ne sont pas conformes \u00e0 cela, et qui sont endommag\u00e9s, souill\u00e9s ou alt\u00e9r\u00e9s, peuvent \u00eatre refus\u00e9s et ne seront donc pas rembours\u00e9s.<\/p>\n<h2>Termes l\u00e9gaux<\/h2>\n<p>Il est l\u00e9galement stipul\u00e9 que l&rsquo;acheteur dispose d&rsquo;un d\u00e9lai de 14 jours pour annuler son achat sans donner de raison. Ce d\u00e9lai de retour commence le jour de la r\u00e9ception du produit. Vous avez 14 jours \u00e0 partir de la notification de retour pour renvoyer le produit. Ceci n&rsquo;est possible que si le produit est retourn\u00e9 non utilis\u00e9 et non endommag\u00e9 dans son emballage d&rsquo;origine. Les frais de retour sont \u00e0 la charge de l&rsquo;acheteur. Le montant de la facture sera cr\u00e9dit\u00e9 sur votre moyen de paiement dans les 14 jours, sauf indication contraire de l&rsquo;acheteur. Les retours peuvent \u00eatre envoy\u00e9s \u00e0 l&rsquo;adresse ci-dessous. Les questions sur les retours sont mieux transmises via WhatsApp ou par e-mail.<\/p>\n","protected":false},"excerpt":{"rendered":"<p>Politique de retour de 14 jours Votre commande ne correspond pas \u00e0 vos attentes ? TKTXSHOP.EU vous offre la garantie de retourner votre commande dans les 14 jours suivant l&rsquo;achat et de r\u00e9cup\u00e9rer votre argent. Logiquement, cela n&rsquo;est possible qu&rsquo;avec un emballage non endommag\u00e9 retourn\u00e9 avec les sceaux intacts. Veuillez \u00e9galement affranchir suffisamment le colis&#8230;.<\/p>\n","protected":false},"author":1,"featured_media":0,"parent":0,"menu_order":0,"comment_status":"closed","ping_status":"closed","template":"","meta":{"footnotes":""},"class_list":["post-1980","page","type-page","status-publish","hentry"],"_links":{"self":[{"href":"https:\/\/tktxshop.eu\/fr\/wp-json\/wp\/v2\/pages\/1980","targetHints":{"allow":["GET"]}}],"collection":[{"href":"https:\/\/tktxshop.eu\/fr\/wp-json\/wp\/v2\/pages"}],"about":[{"href":"https:\/\/tktxshop.eu\/fr\/wp-json\/wp\/v2\/types\/page"}],"author":[{"embeddable":true,"href":"https:\/\/tktxshop.eu\/fr\/wp-json\/wp\/v2\/users\/1"}],"replies":[{"embeddable":true,"href":"https:\/\/tktxshop.eu\/fr\/wp-json\/wp\/v2\/comments?post=1980"}],"version-history":[{"count":3,"href":"https:\/\/tktxshop.eu\/fr\/wp-json\/wp\/v2\/pages\/1980\/revisions"}],"predecessor-version":[{"id":2162,"href":"https:\/\/tktxshop.eu\/fr\/wp-json\/wp\/v2\/pages\/1980\/revisions\/2162"}],"wp:attachment":[{"href":"https:\/\/tktxshop.eu\/fr\/wp-json\/wp\/v2\/media?parent=1980"}],"curies":[{"name":"wp","href":"https:\/\/api.w.org\/{rel}","templated":true}]}}