{"id":1977,"date":"2023-02-20T10:34:06","date_gmt":"2023-02-20T10:34:06","guid":{"rendered":"https:\/\/tktxshop.eu\/privacy-policy\/"},"modified":"2024-04-03T20:00:55","modified_gmt":"2024-04-03T20:00:55","slug":"politique-de-confidentialite","status":"publish","type":"page","link":"https:\/\/tktxshop.eu\/fr\/politique-de-confidentialite\/","title":{"rendered":"Politique de confidentialit\u00e9"},"content":{"rendered":"<h2>\u00c0 propos de notre politique de confidentialit\u00e9<\/h2>\n<p>TKTXSHOP.EU attache une grande importance \u00e0 votre vie priv\u00e9e. Nous ne traitons donc que les donn\u00e9es dont nous avons besoin pour (am\u00e9liorer) nos services et nous g\u00e9rons soigneusement les informations que nous avons collect\u00e9es sur vous et votre utilisation de nos services. Nous ne transmettons jamais vos donn\u00e9es \u00e0 des tiers \u00e0 des fins commerciales.<\/p>\n<p>Cette politique de confidentialit\u00e9 s&rsquo;applique \u00e0 l&rsquo;utilisation du site Web et aux services fournis par TKTXSHOP.EU. La date de d\u00e9but de validit\u00e9 de ces conditions est le 01\/11\/2020, avec la publication d&rsquo;une nouvelle version, la validit\u00e9 de toutes les versions pr\u00e9c\u00e9dentes expire. Cette politique de confidentialit\u00e9 d\u00e9crit les informations vous concernant que nous collectons, l&rsquo;utilisation de ces informations, avec qui et dans quelles conditions ces informations peuvent \u00eatre partag\u00e9es avec des tiers. Nous vous expliquons \u00e9galement comment nous stockons vos donn\u00e9es, comment nous prot\u00e9geons vos donn\u00e9es contre les abus et quels sont vos droits concernant les donn\u00e9es personnelles que vous nous fournissez.<\/p>\n<p>Si vous avez des questions sur notre politique de confidentialit\u00e9, veuillez contacter notre personne de contact pour les questions de confidentialit\u00e9, vous trouverez les coordonn\u00e9es \u00e0 la fin de notre politique de confidentialit\u00e9.<\/p>\n<h2>\u00c0 propos du traitement des donn\u00e9es<\/h2>\n<p>Ci-dessous, vous pouvez lire comment nous traitons vos donn\u00e9es, o\u00f9 nous les stockons (ou les faisons stocker), quelles techniques de s\u00e9curit\u00e9 nous utilisons et pour qui les donn\u00e9es sont transparentes.<\/p>\n<h3>E-mails et listes de diffusion<\/h3>\n<p><strong>MailChimp<\/strong><\/p>\n<p>Nous envoyons nos bulletins d&rsquo;information par e-mail via MailChimp. MailChimp n&rsquo;utilisera jamais votre nom et votre adresse e-mail \u00e0 des fins propres. Au bas de chaque e-mail envoy\u00e9 automatiquement via notre site Web, vous verrez le lien \u00ab\u00a0se d\u00e9sabonner\u00a0\u00bb. Vous ne recevrez alors plus notre bulletin d&rsquo;information. Vos donn\u00e9es personnelles sont stock\u00e9es en toute s\u00e9curit\u00e9 par MailChimp. MailChimp utilise des cookies et d&rsquo;autres technologies Internet qui permettent de savoir si les e-mails sont ouverts et lus. MailChimp se r\u00e9serve le droit d&rsquo;utiliser vos donn\u00e9es pour am\u00e9liorer davantage le service et de partager des informations avec des tiers dans ce contexte.<\/p>\n<p><strong>Hotmail<\/strong><\/p>\n<p>Nous utilisons les services de Hotmail pour notre trafic e-mail professionnel r\u00e9gulier. Cette partie a pris les mesures techniques et organisationnelles appropri\u00e9es pour \u00e9viter autant que possible les abus, la perte et la corruption de vos donn\u00e9es et des n\u00f4tres. Hotmail n&rsquo;a pas acc\u00e8s \u00e0 notre bo\u00eete aux lettres, et nous traitons tout notre trafic e-mail de mani\u00e8re confidentielle.<\/p>\n<h3>Processeurs de paiement<\/h3>\n<p><strong>Mollie<\/strong><\/p>\n<p>Nous utilisons la plateforme Mollie pour g\u00e9rer certains des paiements dans notre boutique en ligne. Mollie traite votre nom, votre adresse et vos coordonn\u00e9es de r\u00e9sidence, ainsi que vos informations de paiement telles que votre num\u00e9ro de compte bancaire ou de carte de cr\u00e9dit. Mollie a pris les mesures techniques et organisationnelles appropri\u00e9es pour prot\u00e9ger vos donn\u00e9es personnelles. Mollie se r\u00e9serve le droit d&rsquo;utiliser vos donn\u00e9es pour am\u00e9liorer davantage le service et de partager des donn\u00e9es (anonymis\u00e9es) avec des tiers dans ce contexte. Toutes les garanties mentionn\u00e9es ci-dessus concernant la protection de vos donn\u00e9es personnelles s&rsquo;appliquent \u00e9galement aux parties des services de Mollie pour lesquelles ils engagent des tiers. Mollie ne conserve pas vos donn\u00e9es plus longtemps que ce qui est autoris\u00e9 par la loi.<\/p>\n<h3>Exp\u00e9dition et logistique<\/h3>\n<p><strong>DHL<\/strong><\/p>\n<p>Si vous passez une commande chez nous, c&rsquo;est notre travail de vous livrer votre colis. Nous utilisons les services de DHL pour effectuer les livraisons. Il est donc n\u00e9cessaire que nous partagions votre nom, votre adresse et vos coordonn\u00e9es de r\u00e9sidence avec DHL. DHL utilise uniquement ces informations dans le but d&rsquo;ex\u00e9cuter l&rsquo;accord. Dans le cas o\u00f9 DHL engage des sous-traitants, DHL mettra \u00e9galement vos donn\u00e9es \u00e0 la disposition de ces parties.<\/p>\n<h3>Canaux de vente externes<\/h3>\n<p><strong>Bol.com<\/strong><\/p>\n<p>Nous vendons (une partie de) nos articles via la plateforme Bol.com. Si vous passez une commande via cette plateforme, Bol.com partagera votre commande et vos donn\u00e9es personnelles avec nous. Nous utilisons ces informations pour traiter votre commande. Nous traitons vos donn\u00e9es de mani\u00e8re confidentielle et avons pris les mesures techniques et organisationnelles appropri\u00e9es pour prot\u00e9ger vos donn\u00e9es contre la perte et l&rsquo;utilisation non autoris\u00e9e.<\/p>\n<h2>Objectif du traitement des donn\u00e9es<\/h2>\n<h3>Objectif g\u00e9n\u00e9ral du traitement<\/h3>\n<p>Nous n&rsquo;utilisons vos donn\u00e9es que dans le cadre de nos services. Cela signifie que le but du traitement est toujours directement li\u00e9 \u00e0 la mission que vous nous confiez. Nous n&rsquo;utilisons pas vos donn\u00e9es \u00e0 des fins de marketing (cibl\u00e9). Si vous partagez des informations avec nous et que nous utilisons ces informations, autrement que \u00e0 votre demande, pour vous contacter ult\u00e9rieurement, nous vous demanderons une autorisation explicite. Vos donn\u00e9es ne seront pas partag\u00e9es avec des tiers, sauf pour respecter les obligations comptables et administratives. Ces tiers sont tous tenus au secret en vertu de l&rsquo;accord entre eux et nous ou d&rsquo;un serment ou d&rsquo;une obligation l\u00e9gale.<\/p>\n<h3>Donn\u00e9es collect\u00e9es automatiquement<\/h3>\n<p>Les donn\u00e9es automatiquement collect\u00e9es par notre site Web sont trait\u00e9es dans le but d&rsquo;am\u00e9liorer encore nos services. Ces donn\u00e9es (par exemple, votre adresse IP, votre navigateur Web et votre syst\u00e8me d&rsquo;exploitation) ne sont pas des donn\u00e9es personnelles.<\/p>\n<h3>Coop\u00e9ration dans les enqu\u00eates fiscales et p\u00e9nales<\/h3>\n<p>Dans certains cas, Juwelia peut \u00eatre tenue par la loi de partager vos donn\u00e9es dans le cadre d&rsquo;enqu\u00eates fiscales ou p\u00e9nales gouvernementales. Dans un tel cas, nous sommes contraints de partager vos donn\u00e9es, mais nous nous opposerons \u00e0 cela dans les limites que la loi nous offre.<\/p>\n<h3>Dur\u00e9es de conservation<\/h3>\n<p>Nous conservons vos donn\u00e9es aussi longtemps que vous \u00eates un client chez nous. Cela signifie que nous conservons votre profil client jusqu&rsquo;\u00e0 ce que vous indiquiez ne plus vouloir utiliser nos services. Si vous nous le signalez, nous consid\u00e9rerons \u00e9galement cela comme une demande d&rsquo;oubli. Sur la base des obligations administratives applicables, nous devons conserver les factures avec vos donn\u00e9es (personnelles), nous conserverons donc ces donn\u00e9es aussi longtemps que la dur\u00e9e applicable. Cependant, les employ\u00e9s n&rsquo;ont plus acc\u00e8s \u00e0 votre profil client et aux documents que nous avons produits en r\u00e9ponse \u00e0 votre commande.<\/p>\n<h3>Vos droits<\/h3>\n<p>En vertu de la l\u00e9gislation n\u00e9erlandaise et europ\u00e9enne applicable, vous, en tant que personne concern\u00e9e, avez certains droits concernant les donn\u00e9es personnelles trait\u00e9es par ou pour notre compte. Nous expliquons ci-dessous quels sont ces droits et comment vous pouvez les invoquer. En principe, pour \u00e9viter les abus, nous n&rsquo;envoyons des copies de vos donn\u00e9es qu&rsquo;\u00e0 votre adresse e-mail d\u00e9j\u00e0 connue. Dans le cas o\u00f9 vous souhaitez recevoir les donn\u00e9es \u00e0 une adresse e-mail diff\u00e9rente ou, par exemple, par courrier, nous vous demanderons de vous identifier. Nous conservons des registres des demandes trait\u00e9es et, en cas de demande d&rsquo;oubli, nous administrons des donn\u00e9es anonymis\u00e9es. Vous recevrez toutes les d\u00e9clarations et copies de donn\u00e9es dans le format de donn\u00e9es lisible par machine que nous utilisons dans nos syst\u00e8mes.<\/p>\n<h4>Droit d&rsquo;acc\u00e8s<\/h4>\n<p>Vous avez toujours le droit de consulter les donn\u00e9es que nous traitons ou avons trait\u00e9es et qui se rapportent \u00e0 votre personne ou peuvent \u00eatre retrac\u00e9es jusqu&rsquo;\u00e0 elle. Vous pouvez faire une demande en ce sens \u00e0 notre personne de contact pour les questions de confidentialit\u00e9. Vous recevrez alors une r\u00e9ponse \u00e0 votre demande dans un d\u00e9lai de 30 jours. Si votre demande est accept\u00e9e, nous vous enverrons une copie de toutes les donn\u00e9es avec un aper\u00e7u des processeurs qui d\u00e9tiennent ces donn\u00e9es, en indiquant la cat\u00e9gorie sous laquelle nous avons stock\u00e9 ces donn\u00e9es, \u00e0 l&rsquo;adresse e-mail que nous connaissons.<\/p>\n<h4>Droit de rectification<\/h4>\n<p>Vous avez toujours le droit de faire rectifier les donn\u00e9es que nous traitons ou avons trait\u00e9es et qui se rapportent \u00e0 votre personne ou qui peuvent \u00eatre retrac\u00e9es jusqu&rsquo;\u00e0 elle. Vous pouvez faire une demande en ce sens \u00e0 notre personne de contact pour les questions de confidentialit\u00e9. Vous recevrez alors une r\u00e9ponse \u00e0 votre demande dans un d\u00e9lai de 30 jours. Si votre demande est accept\u00e9e, nous vous enverrons une confirmation que les donn\u00e9es ont \u00e9t\u00e9 modifi\u00e9es \u00e0 l&rsquo;adresse e-mail que nous connaissons.<\/p>\n<h4>Droit de limitation du traitement<\/h4>\n<p>Vous avez toujours le droit de limiter les donn\u00e9es que nous traitons ou avons trait\u00e9es et qui se rapportent \u00e0 votre personne ou qui peuvent \u00eatre retrac\u00e9es jusqu&rsquo;\u00e0 elle. Vous pouvez faire une demande en ce sens \u00e0 notre personne de contact pour les questions de confidentialit\u00e9. Vous recevrez alors une r\u00e9ponse \u00e0 votre demande dans un d\u00e9lai de 30 jours. Envoyez si votre demande est accept\u00e9e.<\/p>\n<p>Nous vous confirmerons \u00e0 l&rsquo;adresse e-mail que nous connaissons que les donn\u00e9es ne seront plus trait\u00e9es jusqu&rsquo;\u00e0 ce que vous supprimiez la restriction.<\/p>\n<h4>Droit \u00e0 la portabilit\u00e9<\/h4>\n<p>Vous avez toujours le droit de faire transf\u00e9rer les donn\u00e9es que nous traitons ou avons trait\u00e9es et qui se rapportent \u00e0 votre personne ou qui peuvent \u00eatre retrac\u00e9es jusqu&rsquo;\u00e0 elle, par une autre partie. Vous pouvez faire une demande en ce sens \u00e0 notre personne de contact pour les questions de confidentialit\u00e9. Vous recevrez alors une r\u00e9ponse \u00e0 votre demande dans un d\u00e9lai de 30 jours. Si votre demande est accept\u00e9e, nous vous enverrons des copies de toutes les donn\u00e9es vous concernant que nous avons trait\u00e9es ou qui ont \u00e9t\u00e9 trait\u00e9es par d&rsquo;autres processeurs ou tiers \u00e0 l&rsquo;adresse e-mail que nous connaissons. Il est fort probable que nous ne pourrons plus continuer le service dans un tel cas, car le lien s\u00e9curis\u00e9 des fichiers de donn\u00e9es ne pourra alors plus \u00eatre garanti.<\/p>\n<h4>Droit d&rsquo;opposition et autres droits<\/h4>\n<p>Dans les cas appropri\u00e9s, vous avez le droit de vous opposer au traitement de vos donn\u00e9es personnelles par ou pour le compte de Juwelia. Si vous vous opposez, nous cesserons imm\u00e9diatement le traitement des donn\u00e9es en attendant le traitement de votre opposition. Si votre opposition est fond\u00e9e, nous vous fournirons des copies et\/ou des copies de donn\u00e9es que nous traitons ou avons trait\u00e9es et suspendrons ensuite d\u00e9finitivement le traitement. Vous avez \u00e9galement le droit de ne pas \u00eatre soumis \u00e0 une d\u00e9cision individuelle automatis\u00e9e ou \u00e0 un profilage. Nous ne traitons pas vos donn\u00e9es de mani\u00e8re \u00e0 ce que ce droit s&rsquo;applique. Si vous pensez que c&rsquo;est le cas, veuillez contacter notre personne de contact pour les questions de confidentialit\u00e9.<\/p>\n<h3>Cookies<\/h3>\n<p><strong>Google Analytics<\/strong><\/p>\n<p>Des cookies de la soci\u00e9t\u00e9 am\u00e9ricaine Google sont plac\u00e9s via notre site Web dans le cadre du service \u00ab\u00a0Analytics\u00a0\u00bb. Nous utilisons ce service pour suivre et recevoir des rapports sur la mani\u00e8re dont les visiteurs utilisent le site Web.<\/p>\n<p>Ce processeur peut \u00eatre oblig\u00e9 de fournir l&rsquo;acc\u00e8s \u00e0 ces donn\u00e9es sur la base des lois et r\u00e8glements applicables. Nous collectons des informations sur votre comportement de navigation et partageons ces donn\u00e9es avec Google. Google peut interpr\u00e9ter ces informations en combinaison avec d&rsquo;autres ensembles de donn\u00e9es et ainsi suivre vos d\u00e9placements sur Internet. Google utilise ces informations pour proposer des publicit\u00e9s cibl\u00e9es (Adwords) et d&rsquo;autres services et produits Google, entre autres.<\/p>\n<h3>Cookies tiers<\/h3>\n<p>Dans le cas o\u00f9 des solutions logicielles de tiers utiliseraient des cookies, cela est indiqu\u00e9 dans cette d\u00e9claration de confidentialit\u00e9.<\/p>\n<h3>Modifications de la politique de confidentialit\u00e9<\/h3>\n<p>Nous nous r\u00e9servons le droit de modifier notre politique de confidentialit\u00e9 \u00e0 tout moment. Cependant, vous trouverez toujours la version la plus r\u00e9cente sur cette page. Si la nouvelle politique de confidentialit\u00e9 a des cons\u00e9quences sur la mani\u00e8re dont nous traitons d\u00e9j\u00e0 les donn\u00e9es collect\u00e9es \u00e0 votre sujet, nous vous en informerons par e-mail.<\/p>\n","protected":false},"excerpt":{"rendered":"<p>\u00c0 propos de notre politique de confidentialit\u00e9 TKTXSHOP.EU attache une grande importance \u00e0 votre vie priv\u00e9e. Nous ne traitons donc que les donn\u00e9es dont nous avons besoin pour (am\u00e9liorer) nos services et nous g\u00e9rons soigneusement les informations que nous avons collect\u00e9es sur vous et votre utilisation de nos services. Nous ne transmettons jamais vos donn\u00e9es&#8230;<\/p>\n","protected":false},"author":1,"featured_media":0,"parent":0,"menu_order":0,"comment_status":"closed","ping_status":"open","template":"","meta":{"footnotes":""},"class_list":["post-1977","page","type-page","status-publish","hentry"],"_links":{"self":[{"href":"https:\/\/tktxshop.eu\/fr\/wp-json\/wp\/v2\/pages\/1977","targetHints":{"allow":["GET"]}}],"collection":[{"href":"https:\/\/tktxshop.eu\/fr\/wp-json\/wp\/v2\/pages"}],"about":[{"href":"https:\/\/tktxshop.eu\/fr\/wp-json\/wp\/v2\/types\/page"}],"author":[{"embeddable":true,"href":"https:\/\/tktxshop.eu\/fr\/wp-json\/wp\/v2\/users\/1"}],"replies":[{"embeddable":true,"href":"https:\/\/tktxshop.eu\/fr\/wp-json\/wp\/v2\/comments?post=1977"}],"version-history":[{"count":3,"href":"https:\/\/tktxshop.eu\/fr\/wp-json\/wp\/v2\/pages\/1977\/revisions"}],"predecessor-version":[{"id":2169,"href":"https:\/\/tktxshop.eu\/fr\/wp-json\/wp\/v2\/pages\/1977\/revisions\/2169"}],"wp:attachment":[{"href":"https:\/\/tktxshop.eu\/fr\/wp-json\/wp\/v2\/media?parent=1977"}],"curies":[{"name":"wp","href":"https:\/\/api.w.org\/{rel}","templated":true}]}}