{"id":2281,"date":"2023-02-13T15:30:15","date_gmt":"2023-02-13T15:30:15","guid":{"rendered":"https:\/\/tktxshop.eu\/product\/tktx-black-40\/"},"modified":"2024-04-08T20:12:23","modified_gmt":"2024-04-08T20:12:23","slug":"tktx-negro-40","status":"publish","type":"product","link":"https:\/\/tktxshop.eu\/es\/producto\/tktx-negro-40\/","title":{"rendered":"TKTX NEGRO 40%"},"content":{"rendered":"<p>La crema TKTX Negro \/ TKTX Black 40% es una de las cremas para tatuajes m\u00e1s populares del mundo. Esta crema tiene una f\u00f3rmula potente con un factor de concentraci\u00f3n del 40% y ofrece un efecto promedio de 2 a 4 horas, dependiendo del tipo de piel.<\/p>\n","protected":false},"excerpt":{"rendered":"<p><span><strong>Marca:<\/strong> TKTX<br \/>\n<strong>Art\u00edculo:<\/strong> TKTX Negro 40%<br \/>\n<strong>Peso:<\/strong> 10 g\/tubo<br \/>\n<strong>Per\u00edodo de validez:<\/strong> 2 a\u00f1os<br \/>\n<\/span><\/p>\n","protected":false},"featured_media":1690,"template":"","meta":[],"product_brand":[],"product_cat":[67,117],"product_tag":[153,118,83,119],"class_list":{"0":"post-2281","1":"product","2":"type-product","3":"status-publish","4":"has-post-thumbnail","6":"product_cat-tktx-es","7":"product_cat-tktx-negro-es","8":"product_tag-tktx-40-es","9":"product_tag-tktx-black-es","10":"product_tag-tktx-zalf-es","11":"product_tag-tktx-zwart-es","13":"first","14":"instock","15":"taxable","16":"shipping-taxable","17":"purchasable","18":"product-type-simple"},"_links":{"self":[{"href":"https:\/\/tktxshop.eu\/es\/wp-json\/wp\/v2\/product\/2281","targetHints":{"allow":["GET"]}}],"collection":[{"href":"https:\/\/tktxshop.eu\/es\/wp-json\/wp\/v2\/product"}],"about":[{"href":"https:\/\/tktxshop.eu\/es\/wp-json\/wp\/v2\/types\/product"}],"wp:featuredmedia":[{"embeddable":true,"href":"https:\/\/tktxshop.eu\/es\/wp-json\/wp\/v2\/media\/1690"}],"wp:attachment":[{"href":"https:\/\/tktxshop.eu\/es\/wp-json\/wp\/v2\/media?parent=2281"}],"wp:term":[{"taxonomy":"product_brand","embeddable":true,"href":"https:\/\/tktxshop.eu\/es\/wp-json\/wp\/v2\/product_brand?post=2281"},{"taxonomy":"product_cat","embeddable":true,"href":"https:\/\/tktxshop.eu\/es\/wp-json\/wp\/v2\/product_cat?post=2281"},{"taxonomy":"product_tag","embeddable":true,"href":"https:\/\/tktxshop.eu\/es\/wp-json\/wp\/v2\/product_tag?post=2281"}],"curies":[{"name":"wp","href":"https:\/\/api.w.org\/{rel}","templated":true}]}}