{"id":2278,"date":"2023-03-06T14:19:04","date_gmt":"2023-03-06T14:19:04","guid":{"rendered":"https:\/\/tktxshop.eu\/product\/tktx-goud-gold-40-10g\/"},"modified":"2024-04-08T20:13:25","modified_gmt":"2024-04-08T20:13:25","slug":"tktx-oro-40-10g","status":"publish","type":"product","link":"https:\/\/tktxshop.eu\/es\/producto\/tktx-oro-40-10g\/","title":{"rendered":"TKTX ORO 40%"},"content":{"rendered":"<p>La crema TKTX Oro \/ TKTX Gold 40% es una de las cremas para tatuajes m\u00e1s populares del mundo. Esta crema tiene una f\u00f3rmula potente con un factor de concentraci\u00f3n del 40% y ofrece un efecto promedio de 2 a 4 horas, dependiendo del tipo de piel.<\/p>\n","protected":false},"excerpt":{"rendered":"<p><span><strong>Marca:<\/strong> TKTX<br \/>\n<strong>Art\u00edculo:<\/strong> TKTX Oro 40%<br \/>\n<strong>Peso:<\/strong> 10 g\/tubo<br \/>\n<strong>Per\u00edodo de validez:<\/strong> 2 a\u00f1os<br \/>\n<\/span><\/p>\n","protected":false},"featured_media":1675,"template":"","meta":[],"product_brand":[],"product_cat":[67,68],"product_tag":[],"class_list":{"0":"post-2278","1":"product","2":"type-product","3":"status-publish","4":"has-post-thumbnail","6":"product_cat-tktx-es","7":"product_cat-tktx-oro-es","9":"first","10":"instock","11":"taxable","12":"shipping-taxable","13":"purchasable","14":"product-type-simple"},"_links":{"self":[{"href":"https:\/\/tktxshop.eu\/es\/wp-json\/wp\/v2\/product\/2278","targetHints":{"allow":["GET"]}}],"collection":[{"href":"https:\/\/tktxshop.eu\/es\/wp-json\/wp\/v2\/product"}],"about":[{"href":"https:\/\/tktxshop.eu\/es\/wp-json\/wp\/v2\/types\/product"}],"wp:featuredmedia":[{"embeddable":true,"href":"https:\/\/tktxshop.eu\/es\/wp-json\/wp\/v2\/media\/1675"}],"wp:attachment":[{"href":"https:\/\/tktxshop.eu\/es\/wp-json\/wp\/v2\/media?parent=2278"}],"wp:term":[{"taxonomy":"product_brand","embeddable":true,"href":"https:\/\/tktxshop.eu\/es\/wp-json\/wp\/v2\/product_brand?post=2278"},{"taxonomy":"product_cat","embeddable":true,"href":"https:\/\/tktxshop.eu\/es\/wp-json\/wp\/v2\/product_cat?post=2278"},{"taxonomy":"product_tag","embeddable":true,"href":"https:\/\/tktxshop.eu\/es\/wp-json\/wp\/v2\/product_tag?post=2278"}],"curies":[{"name":"wp","href":"https:\/\/api.w.org\/{rel}","templated":true}]}}