{"id":2235,"date":"2023-04-10T14:05:57","date_gmt":"2023-04-10T14:05:57","guid":{"rendered":"https:\/\/tktxshop.eu\/product\/tktx-white-55\/"},"modified":"2024-04-04T20:55:13","modified_gmt":"2024-04-04T20:55:13","slug":"tktx-blanc-55","status":"publish","type":"product","link":"https:\/\/tktxshop.eu\/es\/producto\/tktx-blanc-55\/","title":{"rendered":"TKTX BLANC 55%"},"content":{"rendered":"<p>La crema TKTX Blanc 55% es una de las cremas para tatuajes m\u00e1s populares del mundo. Esta crema tiene una f\u00f3rmula a\u00fan m\u00e1s potente que la del 40%, con un factor de concentraci\u00f3n del 55%, y ofrece un efecto promedio de 2 a 5 horas, dependiendo del tipo de piel.<\/p>\n","protected":false},"excerpt":{"rendered":"<p><span ><strong>Marca:<\/strong> TKTX<br \/>\n<strong>Art\u00edculo:<\/strong> TKTX Noir 55%<br \/>\n<strong>Peso:<\/strong> 10 g\/tubo<br \/>\n<strong>Per\u00edodo de validez:<\/strong> 2 a\u00f1os<br \/>\n<\/span><\/p>\n","protected":false},"featured_media":1741,"template":"","meta":[],"product_brand":[],"product_cat":[67,108],"product_tag":[137,109,110,83],"class_list":{"0":"post-2235","1":"product","2":"type-product","3":"status-publish","4":"has-post-thumbnail","6":"product_cat-tktx-es","7":"product_cat-tktx-blanco-es","8":"product_tag-tktx-55-es","9":"product_tag-tktx-white-es","10":"product_tag-tktx-wit-es","11":"product_tag-tktx-zalf-es","13":"first","14":"instock","15":"taxable","16":"shipping-taxable","17":"purchasable","18":"product-type-simple"},"_links":{"self":[{"href":"https:\/\/tktxshop.eu\/es\/wp-json\/wp\/v2\/product\/2235","targetHints":{"allow":["GET"]}}],"collection":[{"href":"https:\/\/tktxshop.eu\/es\/wp-json\/wp\/v2\/product"}],"about":[{"href":"https:\/\/tktxshop.eu\/es\/wp-json\/wp\/v2\/types\/product"}],"wp:featuredmedia":[{"embeddable":true,"href":"https:\/\/tktxshop.eu\/es\/wp-json\/wp\/v2\/media\/1741"}],"wp:attachment":[{"href":"https:\/\/tktxshop.eu\/es\/wp-json\/wp\/v2\/media?parent=2235"}],"wp:term":[{"taxonomy":"product_brand","embeddable":true,"href":"https:\/\/tktxshop.eu\/es\/wp-json\/wp\/v2\/product_brand?post=2235"},{"taxonomy":"product_cat","embeddable":true,"href":"https:\/\/tktxshop.eu\/es\/wp-json\/wp\/v2\/product_cat?post=2235"},{"taxonomy":"product_tag","embeddable":true,"href":"https:\/\/tktxshop.eu\/es\/wp-json\/wp\/v2\/product_tag?post=2235"}],"curies":[{"name":"wp","href":"https:\/\/api.w.org\/{rel}","templated":true}]}}