{"id":2228,"date":"2023-04-10T14:34:49","date_gmt":"2023-04-10T14:34:49","guid":{"rendered":"https:\/\/tktxshop.eu\/product\/tktx-gold-55\/"},"modified":"2024-04-08T20:22:09","modified_gmt":"2024-04-08T20:22:09","slug":"tktx-oro-55","status":"publish","type":"product","link":"https:\/\/tktxshop.eu\/es\/producto\/tktx-oro-55\/","title":{"rendered":"TKTX ORO 55%"},"content":{"rendered":"<p>La crema TKTX oro 55% es una de las cremas para tatuajes m\u00e1s populares del mundo. Esta crema tiene una f\u00f3rmula a\u00fan m\u00e1s potente que la del 40%, con un factor de concentraci\u00f3n del 55%, y ofrece un efecto promedio de 2 a 5 horas, dependiendo del tipo de piel.<\/p>\n","protected":false},"excerpt":{"rendered":"<p><span ><strong>Marca:<\/strong> TKTX<br \/>\n<strong>Art\u00edculo:<\/strong> TKTX ORO 55%<br \/>\n<strong>Peso:<\/strong> 10 g\/tubo<br \/>\n<strong>Per\u00edodo de validez:<\/strong> 2 a\u00f1os<br \/>\n<\/span><\/p>\n","protected":false},"featured_media":1759,"template":"","meta":[],"product_brand":[],"product_cat":[67,68],"product_tag":[137,149,150,83],"class_list":{"0":"post-2228","1":"product","2":"type-product","3":"status-publish","4":"has-post-thumbnail","6":"product_cat-tktx-es","7":"product_cat-tktx-oro-es","8":"product_tag-tktx-55-es","9":"product_tag-tktx-gold-es","10":"product_tag-tktx-goud-es","11":"product_tag-tktx-zalf-es","13":"first","14":"instock","15":"taxable","16":"shipping-taxable","17":"purchasable","18":"product-type-simple"},"_links":{"self":[{"href":"https:\/\/tktxshop.eu\/es\/wp-json\/wp\/v2\/product\/2228","targetHints":{"allow":["GET"]}}],"collection":[{"href":"https:\/\/tktxshop.eu\/es\/wp-json\/wp\/v2\/product"}],"about":[{"href":"https:\/\/tktxshop.eu\/es\/wp-json\/wp\/v2\/types\/product"}],"wp:featuredmedia":[{"embeddable":true,"href":"https:\/\/tktxshop.eu\/es\/wp-json\/wp\/v2\/media\/1759"}],"wp:attachment":[{"href":"https:\/\/tktxshop.eu\/es\/wp-json\/wp\/v2\/media?parent=2228"}],"wp:term":[{"taxonomy":"product_brand","embeddable":true,"href":"https:\/\/tktxshop.eu\/es\/wp-json\/wp\/v2\/product_brand?post=2228"},{"taxonomy":"product_cat","embeddable":true,"href":"https:\/\/tktxshop.eu\/es\/wp-json\/wp\/v2\/product_cat?post=2228"},{"taxonomy":"product_tag","embeddable":true,"href":"https:\/\/tktxshop.eu\/es\/wp-json\/wp\/v2\/product_tag?post=2228"}],"curies":[{"name":"wp","href":"https:\/\/api.w.org\/{rel}","templated":true}]}}