{"id":2024,"date":"2023-04-10T14:48:22","date_gmt":"2023-04-10T14:48:22","guid":{"rendered":"https:\/\/tktxshop.eu\/product\/tktx-black-75\/"},"modified":"2024-04-04T19:50:30","modified_gmt":"2024-04-04T19:50:30","slug":"tktx-negro-75","status":"publish","type":"product","link":"https:\/\/tktxshop.eu\/es\/producto\/tktx-negro-75\/","title":{"rendered":"TKTX NEGRO 75% EXCLUSIVO"},"content":{"rendered":"<p>TKTX crema Negro 75% es la crema m\u00e1s fuerte de la serie TKTX. Esta crema tiene una f\u00f3rmula a\u00fan m\u00e1s potente que la del 55% con un factor de concentraci\u00f3n del 75% y ofrece un efecto promedio de 3 a 6 horas, dependiendo del tipo de piel.<\/p>\n","protected":false},"excerpt":{"rendered":"<p><span ><strong>Marca:<\/strong> TKTX<br \/>\n<strong>Art\u00edculo:<\/strong> TKTX Negro 75%<br \/>\n<strong>Peso:<\/strong> 10 g\/tubo<br \/>\n<strong>Per\u00edodo de validez:<\/strong> 2 a\u00f1os<br \/>\n<\/span><\/p>\n","protected":false},"featured_media":1786,"template":"","meta":[],"product_brand":[],"product_cat":[67,117],"product_tag":[80,118,83,119],"class_list":{"0":"post-2024","1":"product","2":"type-product","3":"status-publish","4":"has-post-thumbnail","6":"product_cat-tktx-es","7":"product_cat-tktx-negro-es","8":"product_tag-tktx-75-es","9":"product_tag-tktx-black-es","10":"product_tag-tktx-zalf-es","11":"product_tag-tktx-zwart-es","13":"first","14":"instock","15":"taxable","16":"shipping-taxable","17":"purchasable","18":"product-type-simple"},"_links":{"self":[{"href":"https:\/\/tktxshop.eu\/es\/wp-json\/wp\/v2\/product\/2024","targetHints":{"allow":["GET"]}}],"collection":[{"href":"https:\/\/tktxshop.eu\/es\/wp-json\/wp\/v2\/product"}],"about":[{"href":"https:\/\/tktxshop.eu\/es\/wp-json\/wp\/v2\/types\/product"}],"wp:featuredmedia":[{"embeddable":true,"href":"https:\/\/tktxshop.eu\/es\/wp-json\/wp\/v2\/media\/1786"}],"wp:attachment":[{"href":"https:\/\/tktxshop.eu\/es\/wp-json\/wp\/v2\/media?parent=2024"}],"wp:term":[{"taxonomy":"product_brand","embeddable":true,"href":"https:\/\/tktxshop.eu\/es\/wp-json\/wp\/v2\/product_brand?post=2024"},{"taxonomy":"product_cat","embeddable":true,"href":"https:\/\/tktxshop.eu\/es\/wp-json\/wp\/v2\/product_cat?post=2024"},{"taxonomy":"product_tag","embeddable":true,"href":"https:\/\/tktxshop.eu\/es\/wp-json\/wp\/v2\/product_tag?post=2024"}],"curies":[{"name":"wp","href":"https:\/\/api.w.org\/{rel}","templated":true}]}}