{"id":2021,"date":"2023-04-10T14:43:42","date_gmt":"2023-04-10T14:43:42","guid":{"rendered":"https:\/\/tktxshop.eu\/product\/tktx-white-75\/"},"modified":"2024-04-04T19:50:48","modified_gmt":"2024-04-04T19:50:48","slug":"tktx-blanco-75","status":"publish","type":"product","link":"https:\/\/tktxshop.eu\/es\/producto\/tktx-blanco-75\/","title":{"rendered":"TKTX BLANCO 75% EXCLUSIVO"},"content":{"rendered":"<p>TKTX crema Blanco 75% es la crema m\u00e1s fuerte de la serie TKTX. Esta crema tiene una f\u00f3rmula a\u00fan m\u00e1s potente que la del 55% con un factor de concentraci\u00f3n del 75% y ofrece un efecto promedio de 3 a 6 horas, dependiendo del tipo de piel.<\/p>\n","protected":false},"excerpt":{"rendered":"<p><span ><strong>Marca:<\/strong> TKTX<br \/>\n<strong>Art\u00edculo:<\/strong> TKTX Blanco 75%<br \/>\n<strong>Peso:<\/strong> 10 g\/tubo<br \/>\n<strong>Per\u00edodo de validez:<\/strong> 2 a\u00f1os<br \/>\n<\/span><\/p>\n","protected":false},"featured_media":1801,"template":"","meta":[],"product_brand":[],"product_cat":[67,108],"product_tag":[80,109,110,83],"class_list":{"0":"post-2021","1":"product","2":"type-product","3":"status-publish","4":"has-post-thumbnail","6":"product_cat-tktx-es","7":"product_cat-tktx-blanco-es","8":"product_tag-tktx-75-es","9":"product_tag-tktx-white-es","10":"product_tag-tktx-wit-es","11":"product_tag-tktx-zalf-es","13":"first","14":"instock","15":"taxable","16":"shipping-taxable","17":"purchasable","18":"product-type-simple"},"_links":{"self":[{"href":"https:\/\/tktxshop.eu\/es\/wp-json\/wp\/v2\/product\/2021","targetHints":{"allow":["GET"]}}],"collection":[{"href":"https:\/\/tktxshop.eu\/es\/wp-json\/wp\/v2\/product"}],"about":[{"href":"https:\/\/tktxshop.eu\/es\/wp-json\/wp\/v2\/types\/product"}],"wp:featuredmedia":[{"embeddable":true,"href":"https:\/\/tktxshop.eu\/es\/wp-json\/wp\/v2\/media\/1801"}],"wp:attachment":[{"href":"https:\/\/tktxshop.eu\/es\/wp-json\/wp\/v2\/media?parent=2021"}],"wp:term":[{"taxonomy":"product_brand","embeddable":true,"href":"https:\/\/tktxshop.eu\/es\/wp-json\/wp\/v2\/product_brand?post=2021"},{"taxonomy":"product_cat","embeddable":true,"href":"https:\/\/tktxshop.eu\/es\/wp-json\/wp\/v2\/product_cat?post=2021"},{"taxonomy":"product_tag","embeddable":true,"href":"https:\/\/tktxshop.eu\/es\/wp-json\/wp\/v2\/product_tag?post=2021"}],"curies":[{"name":"wp","href":"https:\/\/api.w.org\/{rel}","templated":true}]}}