{"id":1985,"date":"2023-03-01T13:25:03","date_gmt":"2023-03-01T13:25:03","guid":{"rendered":"https:\/\/tktxshop.eu\/shipping-and-delivery\/"},"modified":"2024-04-03T19:51:53","modified_gmt":"2024-04-03T19:51:53","slug":"envio-y-entrega","status":"publish","type":"page","link":"https:\/\/tktxshop.eu\/es\/envio-y-entrega\/","title":{"rendered":"Env\u00edo y entrega"},"content":{"rendered":"<h2>Env\u00edo y entrega<\/h2>\n<p>Pedido antes de las 15:00, enviado el mismo d\u00eda. Los pedidos realizados antes de las 15:00 se enviar\u00e1n el mismo d\u00eda y es probable que se entreguen al d\u00eda siguiente (excepto fines de semana y festivos). Todos los pedidos superiores a 100 euros se env\u00edan de forma gratuita con seguimiento.<\/p>\n<p>Todos los paquetes se env\u00edan por DHL como est\u00e1ndar. Tan pronto como el pedido salga de nuestro almac\u00e9n, ser\u00e1s notificado y podr\u00e1s rastrear tu pedido, siempre que haya sido enviado con seguimiento.<\/p>\n<h2>Cambiar direcci\u00f3n de entrega<\/h2>\n<p>Despu\u00e9s de realizar el pedido, no se puede cambiar la direcci\u00f3n.<\/p>\n<p>En TKTXSHOP.EU, intentamos empaquetar y enviar los pedidos lo antes posible. Un cambio de direcci\u00f3n despu\u00e9s de realizar un pedido solo es posible si el pedido a\u00fan no ha sido procesado en nuestro almac\u00e9n.<\/p>\n<p>\u00bfPreguntas? Por favor, ponte en contacto con nuestro servicio de atenci\u00f3n al cliente y ten tu n\u00famero de pedido y direcci\u00f3n a mano.<\/p>\n","protected":false},"excerpt":{"rendered":"<p>Env\u00edo y entrega Pedido antes de las 15:00, enviado el mismo d\u00eda. Los pedidos realizados antes de las 15:00 se enviar\u00e1n el mismo d\u00eda y es probable que se entreguen al d\u00eda siguiente (excepto fines de semana y festivos). Todos los pedidos superiores a 100 euros se env\u00edan de forma gratuita con seguimiento. Todos los&#8230;<\/p>\n","protected":false},"author":1,"featured_media":0,"parent":0,"menu_order":0,"comment_status":"closed","ping_status":"closed","template":"","meta":{"footnotes":""},"class_list":["post-1985","page","type-page","status-publish","hentry"],"_links":{"self":[{"href":"https:\/\/tktxshop.eu\/es\/wp-json\/wp\/v2\/pages\/1985","targetHints":{"allow":["GET"]}}],"collection":[{"href":"https:\/\/tktxshop.eu\/es\/wp-json\/wp\/v2\/pages"}],"about":[{"href":"https:\/\/tktxshop.eu\/es\/wp-json\/wp\/v2\/types\/page"}],"author":[{"embeddable":true,"href":"https:\/\/tktxshop.eu\/es\/wp-json\/wp\/v2\/users\/1"}],"replies":[{"embeddable":true,"href":"https:\/\/tktxshop.eu\/es\/wp-json\/wp\/v2\/comments?post=1985"}],"version-history":[{"count":2,"href":"https:\/\/tktxshop.eu\/es\/wp-json\/wp\/v2\/pages\/1985\/revisions"}],"predecessor-version":[{"id":2161,"href":"https:\/\/tktxshop.eu\/es\/wp-json\/wp\/v2\/pages\/1985\/revisions\/2161"}],"wp:attachment":[{"href":"https:\/\/tktxshop.eu\/es\/wp-json\/wp\/v2\/media?parent=1985"}],"curies":[{"name":"wp","href":"https:\/\/api.w.org\/{rel}","templated":true}]}}