{"id":1982,"date":"2023-03-01T13:23:45","date_gmt":"2023-03-01T13:23:45","guid":{"rendered":"https:\/\/tktxshop.eu\/return-policy\/"},"modified":"2024-04-03T19:54:24","modified_gmt":"2024-04-03T19:54:24","slug":"politica-de-devoluciones","status":"publish","type":"page","link":"https:\/\/tktxshop.eu\/es\/politica-de-devoluciones\/","title":{"rendered":"Pol\u00edtica de devoluciones"},"content":{"rendered":"<h2>Pol\u00edtica de devoluciones de 14 d\u00edas<\/h2>\n<p>\u00bfTu pedido no es lo que esperabas? TKTXSHOP.EU te ofrece la garant\u00eda de devolver tu pedido hasta 14 d\u00edas despu\u00e9s de la compra y recuperar tu dinero.<\/p>\n<p>L\u00f3gicamente, esto solo es posible con un embalaje no da\u00f1ado que se devuelva con los sellos intactos. Por favor, franquea tambi\u00e9n suficientemente el paquete. Despu\u00e9s de recibir los productos, te reembolsaremos el importe de la factura en un plazo de 14 d\u00edas. Los costos y el riesgo del env\u00edo (por ejemplo, si un paquete se pierde en PostNL) corren por tu cuenta en caso de devoluci\u00f3n. As\u00ed que si quieres asegurarte de que el paquete nos llegue, env\u00eda tu devoluci\u00f3n por correo certificado o como paquete. Tambi\u00e9n te pedimos amablemente que registres tu devoluci\u00f3n dentro de los 14 d\u00edas posteriores a la recepci\u00f3n enviando un correo electr\u00f3nico a info@tktxshop.eu indicando el n\u00famero de pedido. Por favor, indica el n\u00famero de pedido en el paquete de devoluci\u00f3n.<\/p>\n<p>Las devoluciones que no sean identificables ser\u00e1n devueltas al remitente, si es posible. NB! Los costos de devoluci\u00f3n corren por tu cuenta.<\/p>\n<p>NB! Los sellos en el embalaje no deben estar rotos. Las devoluciones que no cumplan con esto, y est\u00e9n da\u00f1adas, sucias o alteradas, pueden ser rechazadas y, por lo tanto, no ser reembolsadas.<\/p>\n<h2>T\u00e9rminos legales<\/h2>\n<p>Est\u00e1 legalmente estipulado que el comprador tiene un per\u00edodo de 14 d\u00edas para cancelar su compra sin necesidad de dar una raz\u00f3n. Este per\u00edodo de devoluci\u00f3n comienza el d\u00eda de recepci\u00f3n del producto. Tienes 14 d\u00edas a partir de la notificaci\u00f3n de devoluci\u00f3n para devolver el producto. Esto solo es posible si el producto se devuelve sin usar y sin da\u00f1os en el embalaje original. Los costos de devoluci\u00f3n son responsabilidad del comprador. El importe de la factura se abonar\u00e1 a tu medio de pago en un plazo de 14 d\u00edas, a menos que el comprador indique lo contrario. Las devoluciones pueden enviarse a la direcci\u00f3n que se indica a continuaci\u00f3n. Las preguntas sobre devoluciones se deben enviar preferiblemente por WhatsApp o correo electr\u00f3nico.<\/p>\n","protected":false},"excerpt":{"rendered":"<p>Pol\u00edtica de devoluciones de 14 d\u00edas \u00bfTu pedido no es lo que esperabas? TKTXSHOP.EU te ofrece la garant\u00eda de devolver tu pedido hasta 14 d\u00edas despu\u00e9s de la compra y recuperar tu dinero. L\u00f3gicamente, esto solo es posible con un embalaje no da\u00f1ado que se devuelva con los sellos intactos. Por favor, franquea tambi\u00e9n suficientemente&#8230;<\/p>\n","protected":false},"author":1,"featured_media":0,"parent":0,"menu_order":0,"comment_status":"closed","ping_status":"closed","template":"","meta":{"footnotes":""},"class_list":["post-1982","page","type-page","status-publish","hentry"],"_links":{"self":[{"href":"https:\/\/tktxshop.eu\/es\/wp-json\/wp\/v2\/pages\/1982","targetHints":{"allow":["GET"]}}],"collection":[{"href":"https:\/\/tktxshop.eu\/es\/wp-json\/wp\/v2\/pages"}],"about":[{"href":"https:\/\/tktxshop.eu\/es\/wp-json\/wp\/v2\/types\/page"}],"author":[{"embeddable":true,"href":"https:\/\/tktxshop.eu\/es\/wp-json\/wp\/v2\/users\/1"}],"replies":[{"embeddable":true,"href":"https:\/\/tktxshop.eu\/es\/wp-json\/wp\/v2\/comments?post=1982"}],"version-history":[{"count":3,"href":"https:\/\/tktxshop.eu\/es\/wp-json\/wp\/v2\/pages\/1982\/revisions"}],"predecessor-version":[{"id":2165,"href":"https:\/\/tktxshop.eu\/es\/wp-json\/wp\/v2\/pages\/1982\/revisions\/2165"}],"wp:attachment":[{"href":"https:\/\/tktxshop.eu\/es\/wp-json\/wp\/v2\/media?parent=1982"}],"curies":[{"name":"wp","href":"https:\/\/api.w.org\/{rel}","templated":true}]}}