{"id":1979,"date":"2023-02-20T10:34:06","date_gmt":"2023-02-20T10:34:06","guid":{"rendered":"https:\/\/tktxshop.eu\/privacy-policy\/"},"modified":"2024-04-03T20:01:30","modified_gmt":"2024-04-03T20:01:30","slug":"politica-de-privacidad","status":"publish","type":"page","link":"https:\/\/tktxshop.eu\/es\/politica-de-privacidad\/","title":{"rendered":"Pol\u00edtica de privacidad"},"content":{"rendered":"<h2>Acerca de nuestra pol\u00edtica de privacidad<\/h2>\n<p>TKTXSHOP.EU se preocupa mucho por su privacidad. Por lo tanto, solo procesamos datos que necesitamos para (mejorar) nuestros servicios y manejamos cuidadosamente la informaci\u00f3n que hemos recopilado sobre usted y su uso de nuestros servicios. Nunca compartimos sus datos con terceros con fines comerciales.<\/p>\n<p>Esta pol\u00edtica de privacidad se aplica al uso del sitio web y los servicios proporcionados por TKTXSHOP.EU. La fecha de inicio de la validez de estas condiciones es el 01\/11\/2020, con la publicaci\u00f3n de una nueva versi\u00f3n, la validez de todas las versiones anteriores expira. Esta pol\u00edtica de privacidad describe qu\u00e9 informaci\u00f3n sobre usted recopilamos, para qu\u00e9 se utiliza esta informaci\u00f3n, con qui\u00e9n y en qu\u00e9 condiciones se puede compartir esta informaci\u00f3n con terceros. Tambi\u00e9n le explicamos c\u00f3mo almacenamos sus datos, c\u00f3mo protegemos sus datos contra el mal uso y qu\u00e9 derechos tiene con respecto a los datos personales que nos proporciona.<\/p>\n<p>Si tiene alguna pregunta sobre nuestra pol\u00edtica de privacidad, comun\u00edquese con nuestra persona de contacto para asuntos de privacidad, encontrar\u00e1 los detalles de contacto al final de nuestra pol\u00edtica de privacidad.<\/p>\n<h2>Acerca del procesamiento de datos<\/h2>\n<p>A continuaci\u00f3n, puede leer c\u00f3mo procesamos sus datos, d\u00f3nde los almacenamos (o los hacemos almacenar), qu\u00e9 t\u00e9cnicas de seguridad utilizamos y para qui\u00e9n son transparentes los datos.<\/p>\n<h3>Correos electr\u00f3nicos y listas de correo<\/h3>\n<p><strong>MailChimp<\/strong><\/p>\n<p>Enviamos nuestros boletines por correo electr\u00f3nico a trav\u00e9s de MailChimp. MailChimp nunca usar\u00e1 su nombre y direcci\u00f3n de correo electr\u00f3nico para sus propios fines. Al final de cada correo electr\u00f3nico enviado autom\u00e1ticamente a trav\u00e9s de nuestro sitio web, ver\u00e1 el enlace \u00abdarse de baja\u00bb. Entonces ya no recibir\u00e1 nuestro bolet\u00edn. Sus datos personales est\u00e1n almacenados de forma segura por MailChimp. MailChimp utiliza cookies y otras tecnolog\u00edas de Internet que proporcionan informaci\u00f3n sobre si los correos electr\u00f3nicos se abren y se leen. MailChimp se reserva el derecho de utilizar sus datos para mejorar a\u00fan m\u00e1s el servicio y compartir informaci\u00f3n con terceros en este contexto.<\/p>\n<p><strong>Hotmail<\/strong><\/p>\n<p>Usamos los servicios de Hotmail para nuestro tr\u00e1fico de correo electr\u00f3nico comercial regular. Esta parte ha tomado medidas t\u00e9cnicas y organizativas adecuadas para evitar el mal uso, la p\u00e9rdida y la corrupci\u00f3n de sus datos y los nuestros tanto como sea posible. Hotmail no tiene acceso a nuestro buz\u00f3n y tratamos todo nuestro tr\u00e1fico de correo electr\u00f3nico de manera confidencial.<\/p>\n<h3>Procesadores de pago<\/h3>\n<p><strong>Mollie<\/strong><\/p>\n<p>Usamos la plataforma Mollie para manejar algunos de los pagos en nuestra tienda en l\u00ednea. Mollie procesa su nombre, direcci\u00f3n y detalles de residencia, as\u00ed como sus detalles de pago como su n\u00famero de cuenta bancaria o tarjeta de cr\u00e9dito. Mollie ha tomado medidas t\u00e9cnicas y organizativas adecuadas para proteger sus datos personales. Mollie se reserva el derecho de utilizar sus datos para mejorar a\u00fan m\u00e1s el servicio y compartir datos (anonimizados) con terceros en este contexto. Todas las garant\u00edas mencionadas anteriormente con respecto a la protecci\u00f3n de sus datos personales tambi\u00e9n se aplican a las partes de los servicios de Mollie para las cuales involucran a terceros. Mollie no almacena sus datos por m\u00e1s tiempo de lo permitido por la ley.<\/p>\n<h3>Env\u00edo y log\u00edstica<\/h3>\n<p><strong>DHL<\/strong><\/p>\n<p>Si realiza un pedido con nosotros, es nuestro trabajo entregarle su paquete. Utilizamos los servicios de DHL para realizar las entregas. Por lo tanto, es necesario que compartamos su nombre, direcci\u00f3n y detalles de residencia con DHL. DHL solo utiliza esta informaci\u00f3n con el prop\u00f3sito de ejecutar el acuerdo. En caso de que DHL contrate subcontratistas, DHL tambi\u00e9n pondr\u00e1 sus datos a disposici\u00f3n de estas partes.<\/p>\n<h3>Canales de venta externos<\/h3>\n<p><strong>Bol.com<\/strong><\/p>\n<p>Vendemos (parte) de nuestros art\u00edculos a trav\u00e9s de la plataforma Bol.com. Si realiza un pedido a trav\u00e9s de esta plataforma, Bol.com compartir\u00e1 su pedido y sus datos personales con nosotros. Utilizamos esta informaci\u00f3n para procesar su pedido. Tratamos sus datos de manera confidencial y hemos tomado medidas t\u00e9cnicas y organizativas adecuadas para proteger sus datos contra la p\u00e9rdida y el uso no autorizado.<\/p>\n<h2>Prop\u00f3sito del procesamiento de datos<\/h2>\n<h3>Prop\u00f3sito general del procesamiento<\/h3>\n<p>Solo utilizamos sus datos en beneficio de nuestros servicios. Esto significa que el prop\u00f3sito del procesamiento est\u00e1 siempre directamente relacionado con la tarea que nos proporciona. No utilizamos sus datos para marketing (dirigido). Si comparte informaci\u00f3n con nosotros y utilizamos esta informaci\u00f3n, aparte de a su solicitud, para contactarlo en un momento posterior, le pediremos permiso expl\u00edcito. Sus datos no se compartir\u00e1n con terceros, excepto para cumplir con obligaciones contables y administrativas. Todos estos terceros est\u00e1n obligados a mantener la confidencialidad en virtud del acuerdo entre ellos y nosotros, un juramento o una obligaci\u00f3n legal.<\/p>\n<h3>Datos recopilados autom\u00e1ticamente<\/h3>\n<p>Los datos recopilados autom\u00e1ticamente por nuestro sitio web se procesan con el objetivo de mejorar a\u00fan m\u00e1s nuestros servicios. Estos datos (por ejemplo, su direcci\u00f3n IP, navegador web y sistema operativo) no son datos personales.<\/p>\n<h3>Cooperaci\u00f3n en investigaciones fiscales y penales<\/h3>\n<p>En algunos casos, Juwelia puede estar obligada por ley a compartir sus datos en relaci\u00f3n con investigaciones fiscales o penales gubernamentales. En tal caso, estamos obligados a compartir sus datos, pero nos opondremos dentro de las posibilidades que nos ofrece la ley.<\/p>\n<h3>Per\u00edodos de retenci\u00f3n<\/h3>\n<p>Guardamos sus datos mientras sea nuestro cliente. Esto significa que mantenemos su perfil de cliente hasta que indique que ya no desea utilizar nuestros servicios. Si nos lo indica, tambi\u00e9n consideraremos esto como una solicitud de olvido. Seg\u00fan las obligaciones administrativas aplicables, debemos guardar las facturas con sus datos (personales), por lo que conservaremos estos datos durante el tiempo que dure el plazo aplicable. Sin embargo, los empleados ya no tienen acceso a su perfil de cliente y a los documentos que hemos producido en respuesta a su pedido.<\/p>\n<h3>Sus derechos<\/h3>\n<p>Seg\u00fan la legislaci\u00f3n neerlandesa y europea aplicable, usted, como sujeto de datos, tiene ciertos derechos con respecto a los datos personales procesados por o en nuestro nombre. A continuaci\u00f3n, explicamos cu\u00e1les son estos derechos y c\u00f3mo puede invocarlos. En principio, para evitar el uso indebido, solo enviamos copias de sus datos a su direcci\u00f3n de correo electr\u00f3nico ya conocida. En caso de que desee recibir los datos en una direcci\u00f3n de correo electr\u00f3nico diferente o, por ejemplo, por correo postal, le pediremos que se identifique. Mantenemos registros de solicitudes completadas, y en caso de una solicitud olvidada, administramos datos anonimizados. Recibir\u00e1 todas las declaraciones y copias de datos en el formato de datos legible por m\u00e1quina que utilizamos dentro de nuestros sistemas.<\/p>\n<h4>Derecho de acceso<\/h4>\n<p>Siempre tiene derecho a ver los datos que procesamos o hemos procesado que se relacionan con su persona o se pueden rastrear hasta ella. Puede hacer una solicitud en este sentido a nuestra persona de contacto para asuntos de privacidad. Luego recibir\u00e1 una respuesta a su solicitud dentro de los 30 d\u00edas. Si su solicitud es concedida, le enviaremos una copia de todos los datos con una descripci\u00f3n de los procesadores que tienen estos datos, indicando la categor\u00eda bajo la cual hemos almacenado estos datos, a la direcci\u00f3n de correo electr\u00f3nico que nos es conocida.<\/p>\n<h4>Derecho de rectificaci\u00f3n<\/h4>\n<p>Siempre tiene derecho a que los datos que procesamos o hemos procesado que se relacionan con su persona o que se pueden rastrear hasta ella, sean corregidos. Puede hacer una solicitud en este sentido a nuestra persona de contacto para asuntos de privacidad. Luego recibir\u00e1 una respuesta a su solicitud dentro de los 30 d\u00edas. Si su solicitud es concedida, le enviaremos una confirmaci\u00f3n de que los datos han sido cambiados a la direcci\u00f3n de correo electr\u00f3nico que nos es conocida.<\/p>\n<h4>Derecho a la limitaci\u00f3n del procesamiento<\/h4>\n<p>Siempre tiene derecho a limitar los datos que procesamos o hemos procesado que se relacionan con su persona o que se pueden rastrear hasta ella. Puede hacer una solicitud en este sentido a nuestra persona de contacto para asuntos de privacidad. Luego recibir\u00e1 una respuesta a su solicitud dentro de los 30 d\u00edas. Env\u00ede si su solicitud es concedida.<\/p>\n<p>Le confirmaremos en la direcci\u00f3n de correo electr\u00f3nico que nos es conocida que los datos ya no ser\u00e1n procesados hasta que elimine la restricci\u00f3n.<\/p>\n<h4>Derecho a la portabilidad<\/h4>\n<p>Siempre tiene derecho a que los datos que procesamos o hemos procesado que se relacionan con su persona o que se pueden rastrear hasta ella, sean transferidos por otra parte. Puede hacer una solicitud en este sentido a nuestra persona de contacto para asuntos de privacidad. Luego recibir\u00e1 una respuesta a su solicitud dentro de los 30 d\u00edas. Si su solicitud es concedida, le enviaremos copias de todos los datos sobre usted que hemos procesado o que han sido procesados por otros procesadores o terceros en la direcci\u00f3n de correo electr\u00f3nico que nos es conocida. Es muy probable que ya no podamos continuar el servicio en tal caso, porque ya no se podr\u00e1 garantizar la vinculaci\u00f3n segura de los archivos de datos.<\/p>\n<h4>Derecho de oposici\u00f3n y otros derechos<\/h4>\n<p>En casos apropiados, tiene derecho a oponerse al procesamiento de sus datos personales por parte de o en nuestro nombre. Si se opone, cesaremos inmediatamente el procesamiento de datos hasta que se maneje su objeci\u00f3n. Si su objeci\u00f3n es v\u00e1lida, le proporcionaremos copias y\/o copias de los datos que procesamos o hemos procesado y luego suspendiremos permanentemente el procesamiento. Tambi\u00e9n tiene derecho a no ser objeto de una decisi\u00f3n individual automatizada o de elaboraci\u00f3n de perfiles. No procesamos sus datos de manera que este derecho se aplique. Si cree que este es el caso, comun\u00edquese con nuestra persona de contacto para asuntos de privacidad.<\/p>\n<h3>Cookies<\/h3>\n<p><strong>Google Analytics<\/strong><\/p>\n<p>A trav\u00e9s de nuestro sitio web se colocan cookies de la empresa estadounidense Google como parte del servicio \u00abAnalytics\u00bb. Utilizamos este servicio para realizar un seguimiento y recibir informes sobre c\u00f3mo los visitantes utilizan el sitio web.<\/p>\n<p>Este procesador puede estar obligado a proporcionar acceso a estos datos en virtud de las leyes y regulaciones aplicables. Recopilamos informaci\u00f3n sobre su comportamiento de navegaci\u00f3n y compartimos estos datos con Google. Google puede interpretar esta informaci\u00f3n en conjunto con otros conjuntos de datos y as\u00ed rastrear sus movimientos en Internet. Google utiliza esta informaci\u00f3n para ofrecer publicidad dirigida (Adwords) y otros servicios y productos de Google, entre otros.<\/p>\n<h3>Cookies de terceros<\/h3>\n<p>En caso de que las soluciones de software de terceros utilicen cookies, esto se indica en esta declaraci\u00f3n de privacidad.<\/p>\n<h3>Cambios en la pol\u00edtica de privacidad<\/h3>\n<p>Nos reservamos el derecho de cambiar nuestra pol\u00edtica de privacidad en cualquier momento. Sin embargo, siempre encontrar\u00e1 la versi\u00f3n m\u00e1s reciente en esta p\u00e1gina. Si la nueva pol\u00edtica de privacidad tiene consecuencias para la forma en que ya procesamos los datos recopilados sobre usted, le informaremos por correo electr\u00f3nico.<\/p>\n","protected":false},"excerpt":{"rendered":"<p>Acerca de nuestra pol\u00edtica de privacidad TKTXSHOP.EU se preocupa mucho por su privacidad. Por lo tanto, solo procesamos datos que necesitamos para (mejorar) nuestros servicios y manejamos cuidadosamente la informaci\u00f3n que hemos recopilado sobre usted y su uso de nuestros servicios. Nunca compartimos sus datos con terceros con fines comerciales. Esta pol\u00edtica de privacidad se&#8230;<\/p>\n","protected":false},"author":1,"featured_media":0,"parent":0,"menu_order":0,"comment_status":"closed","ping_status":"open","template":"","meta":{"footnotes":""},"class_list":["post-1979","page","type-page","status-publish","hentry"],"_links":{"self":[{"href":"https:\/\/tktxshop.eu\/es\/wp-json\/wp\/v2\/pages\/1979","targetHints":{"allow":["GET"]}}],"collection":[{"href":"https:\/\/tktxshop.eu\/es\/wp-json\/wp\/v2\/pages"}],"about":[{"href":"https:\/\/tktxshop.eu\/es\/wp-json\/wp\/v2\/types\/page"}],"author":[{"embeddable":true,"href":"https:\/\/tktxshop.eu\/es\/wp-json\/wp\/v2\/users\/1"}],"replies":[{"embeddable":true,"href":"https:\/\/tktxshop.eu\/es\/wp-json\/wp\/v2\/comments?post=1979"}],"version-history":[{"count":3,"href":"https:\/\/tktxshop.eu\/es\/wp-json\/wp\/v2\/pages\/1979\/revisions"}],"predecessor-version":[{"id":2171,"href":"https:\/\/tktxshop.eu\/es\/wp-json\/wp\/v2\/pages\/1979\/revisions\/2171"}],"wp:attachment":[{"href":"https:\/\/tktxshop.eu\/es\/wp-json\/wp\/v2\/media?parent=1979"}],"curies":[{"name":"wp","href":"https:\/\/api.w.org\/{rel}","templated":true}]}}