{"id":2214,"date":"2023-04-10T14:33:13","date_gmt":"2023-04-10T14:33:13","guid":{"rendered":"https:\/\/tktxshop.eu\/product\/tktx-green-55\/"},"modified":"2024-04-04T20:35:57","modified_gmt":"2024-04-04T20:35:57","slug":"tktx-gruen-55","status":"publish","type":"product","link":"https:\/\/tktxshop.eu\/de\/produkt\/tktx-gruen-55\/","title":{"rendered":"TKTX GR\u00dcN 55%"},"content":{"rendered":"<p>Die TKTX GR\u00dcN 55% ist eine der beliebtesten Tattoo-Cremes der Welt. Diese Creme hat eine noch st\u00e4rkere Formel als die 40%-ige mit einem Konzentrationsfaktor von 55% und bietet eine durchschnittliche Wirkdauer von 2 bis 5 Stunden, abh\u00e4ngig vom Hauttyp.<\/p>\n","protected":false},"excerpt":{"rendered":"<p><span ><strong>Marke:<\/strong> TKTX<br \/>\n<strong>Artikel:<\/strong> TKTX GR\u00dcN 55%<br \/>\n<strong>Gewicht:<\/strong> 10 g\/Tube<br \/>\n<strong>G\u00fcltigkeitsdauer:<\/strong> 2 Jahre<br \/>\n<\/span><\/p>\n","protected":false},"featured_media":1755,"template":"","meta":[],"product_brand":[],"product_cat":[65,74],"product_tag":[135,76,77,78],"class_list":{"0":"post-2214","1":"product","2":"type-product","3":"status-publish","4":"has-post-thumbnail","6":"product_cat-tktx-de","7":"product_cat-tktx-grun-de","8":"product_tag-tktx-55-de","9":"product_tag-tktx-green-de","10":"product_tag-tktx-groen-de","11":"product_tag-tktx-zalf-de","13":"first","14":"instock","15":"taxable","16":"shipping-taxable","17":"purchasable","18":"product-type-simple"},"_links":{"self":[{"href":"https:\/\/tktxshop.eu\/de\/wp-json\/wp\/v2\/product\/2214","targetHints":{"allow":["GET"]}}],"collection":[{"href":"https:\/\/tktxshop.eu\/de\/wp-json\/wp\/v2\/product"}],"about":[{"href":"https:\/\/tktxshop.eu\/de\/wp-json\/wp\/v2\/types\/product"}],"wp:featuredmedia":[{"embeddable":true,"href":"https:\/\/tktxshop.eu\/de\/wp-json\/wp\/v2\/media\/1755"}],"wp:attachment":[{"href":"https:\/\/tktxshop.eu\/de\/wp-json\/wp\/v2\/media?parent=2214"}],"wp:term":[{"taxonomy":"product_brand","embeddable":true,"href":"https:\/\/tktxshop.eu\/de\/wp-json\/wp\/v2\/product_brand?post=2214"},{"taxonomy":"product_cat","embeddable":true,"href":"https:\/\/tktxshop.eu\/de\/wp-json\/wp\/v2\/product_cat?post=2214"},{"taxonomy":"product_tag","embeddable":true,"href":"https:\/\/tktxshop.eu\/de\/wp-json\/wp\/v2\/product_tag?post=2214"}],"curies":[{"name":"wp","href":"https:\/\/api.w.org\/{rel}","templated":true}]}}