{"id":2011,"date":"2023-04-10T15:01:48","date_gmt":"2023-04-10T15:01:48","guid":{"rendered":"https:\/\/tktxshop.eu\/product\/tktx-green-75\/"},"modified":"2026-02-26T17:44:58","modified_gmt":"2026-02-26T17:44:58","slug":"tktx-gruen-75","status":"publish","type":"product","link":"https:\/\/tktxshop.eu\/de\/produkt\/tktx-gruen-75\/","title":{"rendered":"TKTX GR\u00dcN 75% EXKLUSIV"},"content":{"rendered":"<p>TKTX Creme Gruen 75% ist die st\u00e4rkste Creme aus der TKTX-Serie. Diese Creme hat eine noch st\u00e4rkere Formel als die 55%-ige mit einem Konzentrationsfaktor von 75% und bietet eine durchschnittliche Wirkdauer von 3 bis 6 Stunden, je nach Hauttyp.<\/p>\n","protected":false},"excerpt":{"rendered":"<p><strong>Marke:<\/strong> TKTX<br \/>\n<strong>Artikel:<\/strong> TKTX Gruen 75%<br \/>\n<strong>Gewicht:<\/strong> 10 g\/Tube<br \/>\n<strong>G\u00fcltigkeitsdauer:<\/strong> 2 Jahre<\/p>\n","protected":false},"featured_media":1776,"template":"","meta":[],"product_brand":[],"product_cat":[65,74],"product_tag":[75,76,77,78],"class_list":{"0":"post-2011","1":"product","2":"type-product","3":"status-publish","4":"has-post-thumbnail","6":"product_cat-tktx-de","7":"product_cat-tktx-grun-de","8":"product_tag-tktx-75-de","9":"product_tag-tktx-green-de","10":"product_tag-tktx-groen-de","11":"product_tag-tktx-zalf-de","13":"first","14":"instock","15":"taxable","16":"shipping-taxable","17":"purchasable","18":"product-type-variable"},"_links":{"self":[{"href":"https:\/\/tktxshop.eu\/de\/wp-json\/wp\/v2\/product\/2011","targetHints":{"allow":["GET"]}}],"collection":[{"href":"https:\/\/tktxshop.eu\/de\/wp-json\/wp\/v2\/product"}],"about":[{"href":"https:\/\/tktxshop.eu\/de\/wp-json\/wp\/v2\/types\/product"}],"wp:featuredmedia":[{"embeddable":true,"href":"https:\/\/tktxshop.eu\/de\/wp-json\/wp\/v2\/media\/1776"}],"wp:attachment":[{"href":"https:\/\/tktxshop.eu\/de\/wp-json\/wp\/v2\/media?parent=2011"}],"wp:term":[{"taxonomy":"product_brand","embeddable":true,"href":"https:\/\/tktxshop.eu\/de\/wp-json\/wp\/v2\/product_brand?post=2011"},{"taxonomy":"product_cat","embeddable":true,"href":"https:\/\/tktxshop.eu\/de\/wp-json\/wp\/v2\/product_cat?post=2011"},{"taxonomy":"product_tag","embeddable":true,"href":"https:\/\/tktxshop.eu\/de\/wp-json\/wp\/v2\/product_tag?post=2011"}],"curies":[{"name":"wp","href":"https:\/\/api.w.org\/{rel}","templated":true}]}}