{"id":1984,"date":"2023-03-01T13:25:03","date_gmt":"2023-03-01T13:25:03","guid":{"rendered":"https:\/\/tktxshop.eu\/shipping-and-delivery\/"},"modified":"2024-04-03T19:49:40","modified_gmt":"2024-04-03T19:49:40","slug":"shipping-and-delivery","status":"publish","type":"page","link":"https:\/\/tktxshop.eu\/de\/shipping-and-delivery\/","title":{"rendered":"Versand und Lieferung"},"content":{"rendered":"<h2>Versand und Lieferung<\/h2>\n<p>Bestellt vor 15:00 Uhr, am selben Tag versandt. Bestellungen, die vor 15:00 Uhr aufgegeben werden, werden am selben Tag versandt und h\u00f6chstwahrscheinlich am n\u00e4chsten Tag geliefert (au\u00dfer an Wochenenden und Feiertagen). Alle Bestellungen \u00fcber 100 Euro werden kostenlos mit Sendungsverfolgung verschickt.<\/p>\n<p>Alle Pakete werden standardm\u00e4\u00dfig per DHL verschickt. Sobald die Bestellung unser Lager verl\u00e4sst, werden Sie benachrichtigt und k\u00f6nnen Ihre Bestellung verfolgen, sofern sie mit Sendungsverfolgung verschickt wurde.<\/p>\n<h2>Lieferadresse \u00e4ndern<\/h2>\n<p>Nach der Bestellung kann die Adresse nicht ge\u00e4ndert werden.<\/p>\n<p>Bei TKTXSHOP.EU versuchen wir, Bestellungen so schnell wie m\u00f6glich zu verpacken und zu versenden. Eine \u00c4nderung der Lieferadresse nach Auftragserteilung ist nur m\u00f6glich, wenn der Auftrag noch nicht in unserem Lager bearbeitet wurde.<\/p>\n<p>Fragen? Bitte kontaktieren Sie unseren Kundenservice und haben Sie Ihre Bestellnummer und Adresse bereit.<\/p>\n","protected":false},"excerpt":{"rendered":"<p>Versand und Lieferung Bestellt vor 15:00 Uhr, am selben Tag versandt. Bestellungen, die vor 15:00 Uhr aufgegeben werden, werden am selben Tag versandt und h\u00f6chstwahrscheinlich am n\u00e4chsten Tag geliefert (au\u00dfer an Wochenenden und Feiertagen). Alle Bestellungen \u00fcber 100 Euro werden kostenlos mit Sendungsverfolgung verschickt. Alle Pakete werden standardm\u00e4\u00dfig per DHL verschickt. Sobald die Bestellung unser&#8230;<\/p>\n","protected":false},"author":1,"featured_media":0,"parent":0,"menu_order":0,"comment_status":"closed","ping_status":"closed","template":"","meta":{"footnotes":""},"class_list":["post-1984","page","type-page","status-publish","hentry"],"_links":{"self":[{"href":"https:\/\/tktxshop.eu\/de\/wp-json\/wp\/v2\/pages\/1984","targetHints":{"allow":["GET"]}}],"collection":[{"href":"https:\/\/tktxshop.eu\/de\/wp-json\/wp\/v2\/pages"}],"about":[{"href":"https:\/\/tktxshop.eu\/de\/wp-json\/wp\/v2\/types\/page"}],"author":[{"embeddable":true,"href":"https:\/\/tktxshop.eu\/de\/wp-json\/wp\/v2\/users\/1"}],"replies":[{"embeddable":true,"href":"https:\/\/tktxshop.eu\/de\/wp-json\/wp\/v2\/comments?post=1984"}],"version-history":[{"count":2,"href":"https:\/\/tktxshop.eu\/de\/wp-json\/wp\/v2\/pages\/1984\/revisions"}],"predecessor-version":[{"id":2158,"href":"https:\/\/tktxshop.eu\/de\/wp-json\/wp\/v2\/pages\/1984\/revisions\/2158"}],"wp:attachment":[{"href":"https:\/\/tktxshop.eu\/de\/wp-json\/wp\/v2\/media?parent=1984"}],"curies":[{"name":"wp","href":"https:\/\/api.w.org\/{rel}","templated":true}]}}