{"id":1981,"date":"2023-03-01T13:23:45","date_gmt":"2023-03-01T13:23:45","guid":{"rendered":"https:\/\/tktxshop.eu\/return-policy\/"},"modified":"2024-04-03T19:53:15","modified_gmt":"2024-04-03T19:53:15","slug":"rueckgaberecht","status":"publish","type":"page","link":"https:\/\/tktxshop.eu\/de\/rueckgaberecht\/","title":{"rendered":"R\u00fcckgaberecht"},"content":{"rendered":"<h2>14-t\u00e4gige R\u00fcckgaberecht<\/h2>\n<p>Entspricht Ihre Bestellung nicht Ihren Erwartungen? TKTXSHOP.EU bietet Ihnen die Garantie, Ihre Bestellung innerhalb von 14 Tagen nach dem Kauf zur\u00fcckzusenden und Ihr Geld zur\u00fcckzuerhalten.<\/p>\n<p>Logischerweise ist dies nur mit unbesch\u00e4digter Verpackung m\u00f6glich, die mit intakten Siegeln zur\u00fcckgesandt wird. Bitte frankieren Sie das Paket auch ausreichend. Nach Erhalt der Ware erstatten wir Ihnen den Rechnungsbetrag innerhalb von 14 Tagen zur\u00fcck. Die Kosten und das Risiko des Versands (z. B. wenn ein Paket bei PostNL verloren geht) tragen Sie im Falle einer R\u00fccksendung. Wenn Sie also sicherstellen m\u00f6chten, dass das Paket uns erreicht, senden Sie Ihre R\u00fccksendung per Einschreiben oder als Paket. Wir bitten Sie auch h\u00f6flich, Ihre R\u00fccksendung innerhalb von 14 Tagen nach Erhalt per E-Mail an info@tktxshop.eu unter Angabe der Bestellnummer zu registrieren. Bitte geben Sie die Bestellnummer auf dem R\u00fccksendepaket an.<\/p>\n<p>R\u00fccksendungen, die nicht identifizierbar sind, werden gegebenenfalls an den Absender zur\u00fcckgesandt. NB! Die R\u00fccksendekosten gehen zu Ihren Lasten.<\/p>\n<p>NB! Die Siegel auf der Verpackung d\u00fcrfen nicht gebrochen sein. R\u00fccksendungen, die dem nicht entsprechen und besch\u00e4digt, verschmutzt oder ver\u00e4ndert sind, k\u00f6nnen abgelehnt und daher nicht erstattet werden.<\/p>\n<h2>Rechtliche Bestimmungen<\/h2>\n<p>Es ist gesetzlich festgelegt, dass der K\u00e4ufer eine Frist von 14 Tagen hat, um seinen Kauf ohne Angabe von Gr\u00fcnden zu widerrufen. Diese R\u00fcckgabefrist beginnt am Tag des Erhalts des Produkts. Sie haben 14 Tage ab dem Zeitpunkt der R\u00fcckgabemitteilung, um das Produkt zur\u00fcckzusenden. Dies ist nur m\u00f6glich, wenn das Produkt unbenutzt und unbesch\u00e4digt in der Originalverpackung zur\u00fcckgesendet wird. Die R\u00fccksendekosten tr\u00e4gt der K\u00e4ufer. Der Rechnungsbetrag wird innerhalb von 14 Tagen auf Ihr Zahlungsmittel gutgeschrieben, es sei denn, der K\u00e4ufer hat etwas anderes angegeben. R\u00fccksendungen k\u00f6nnen an die untenstehende Adresse geschickt werden. Fragen zu R\u00fccksendungen sollten am besten per WhatsApp oder E-Mail weitergeleitet werden.<\/p>\n","protected":false},"excerpt":{"rendered":"<p>14-t\u00e4gige R\u00fcckgaberecht Entspricht Ihre Bestellung nicht Ihren Erwartungen? TKTXSHOP.EU bietet Ihnen die Garantie, Ihre Bestellung innerhalb von 14 Tagen nach dem Kauf zur\u00fcckzusenden und Ihr Geld zur\u00fcckzuerhalten. Logischerweise ist dies nur mit unbesch\u00e4digter Verpackung m\u00f6glich, die mit intakten Siegeln zur\u00fcckgesandt wird. Bitte frankieren Sie das Paket auch ausreichend. Nach Erhalt der Ware erstatten wir Ihnen&#8230;<\/p>\n","protected":false},"author":1,"featured_media":0,"parent":0,"menu_order":0,"comment_status":"closed","ping_status":"closed","template":"","meta":{"footnotes":""},"class_list":["post-1981","page","type-page","status-publish","hentry"],"_links":{"self":[{"href":"https:\/\/tktxshop.eu\/de\/wp-json\/wp\/v2\/pages\/1981","targetHints":{"allow":["GET"]}}],"collection":[{"href":"https:\/\/tktxshop.eu\/de\/wp-json\/wp\/v2\/pages"}],"about":[{"href":"https:\/\/tktxshop.eu\/de\/wp-json\/wp\/v2\/types\/page"}],"author":[{"embeddable":true,"href":"https:\/\/tktxshop.eu\/de\/wp-json\/wp\/v2\/users\/1"}],"replies":[{"embeddable":true,"href":"https:\/\/tktxshop.eu\/de\/wp-json\/wp\/v2\/comments?post=1981"}],"version-history":[{"count":2,"href":"https:\/\/tktxshop.eu\/de\/wp-json\/wp\/v2\/pages\/1981\/revisions"}],"predecessor-version":[{"id":2163,"href":"https:\/\/tktxshop.eu\/de\/wp-json\/wp\/v2\/pages\/1981\/revisions\/2163"}],"wp:attachment":[{"href":"https:\/\/tktxshop.eu\/de\/wp-json\/wp\/v2\/media?parent=1981"}],"curies":[{"name":"wp","href":"https:\/\/api.w.org\/{rel}","templated":true}]}}