{"id":1978,"date":"2023-02-20T10:34:06","date_gmt":"2023-02-20T10:34:06","guid":{"rendered":"https:\/\/tktxshop.eu\/privacy-policy\/"},"modified":"2024-04-03T20:01:07","modified_gmt":"2024-04-03T20:01:07","slug":"datenschutzrichtlinie","status":"publish","type":"page","link":"https:\/\/tktxshop.eu\/de\/datenschutzrichtlinie\/","title":{"rendered":"Datenschutzrichtlinie"},"content":{"rendered":"<h2>\u00dcber unsere Datenschutzrichtlinie<\/h2>\n<p>TKTXSHOP.EU legt gro\u00dfen Wert auf Ihre Privatsph\u00e4re. Wir verarbeiten daher nur Daten, die wir f\u00fcr (die Verbesserung) unserer Dienste ben\u00f6tigen, und behandeln sorgf\u00e4ltig die Informationen, die wir \u00fcber Sie und Ihre Nutzung unserer Dienste gesammelt haben. Wir geben Ihre Daten niemals zu kommerziellen Zwecken an Dritte weiter.<\/p>\n<p>Diese Datenschutzrichtlinie gilt f\u00fcr die Nutzung der Website und der von TKTXSHOP.EU bereitgestellten Dienste. Der Beginn der G\u00fcltigkeit dieser Bedingungen ist der 01\/11\/2020, mit der Ver\u00f6ffentlichung einer neuen Version verf\u00e4llt die G\u00fcltigkeit aller vorherigen Versionen. Diese Datenschutzrichtlinie beschreibt, welche Informationen \u00fcber Sie von uns gesammelt werden, wof\u00fcr diese Informationen verwendet werden, mit wem und unter welchen Bedingungen diese Informationen m\u00f6glicherweise mit Dritten geteilt werden d\u00fcrfen. Wir erkl\u00e4ren Ihnen auch, wie wir Ihre Daten speichern, wie wir Ihre Daten vor Missbrauch sch\u00fctzen und welche Rechte Sie bez\u00fcglich der von Ihnen bereitgestellten personenbezogenen Daten haben.<\/p>\n<p>Wenn Sie Fragen zu unserer Datenschutzrichtlinie haben, wenden Sie sich bitte an unsere Kontaktperson f\u00fcr Datenschutzangelegenheiten, die Kontaktdaten finden Sie am Ende unserer Datenschutzrichtlinie.<\/p>\n<h2>\u00dcber die Datenverarbeitung<\/h2>\n<p>Im Folgenden erfahren Sie, wie wir Ihre Daten verarbeiten, wo wir sie speichern (oder speichern lassen), welche Sicherheitstechniken wir verwenden und f\u00fcr wen die Daten transparent sind.<\/p>\n<h3>E-Mails und Mailinglisten<\/h3>\n<p><strong>MailChimp<\/strong><\/p>\n<p>Wir versenden unsere E-Mail-Newsletter \u00fcber MailChimp. MailChimp wird Ihren Namen und Ihre E-Mail-Adresse niemals f\u00fcr eigene Zwecke verwenden. Am Ende jeder automatisch \u00fcber unsere Website gesendeten E-Mail sehen Sie den Link &#8222;Abmelden&#8220;. Sie erhalten dann unseren Newsletter nicht mehr. Ihre pers\u00f6nlichen Daten werden sicher von MailChimp gespeichert. MailChimp verwendet Cookies und andere Internet-Technologien, die Einblick geben, ob E-Mails ge\u00f6ffnet und gelesen wurden. MailChimp beh\u00e4lt sich das Recht vor, Ihre Daten zu verwenden, um den Service weiter zu verbessern, und Informationen in diesem Zusammenhang mit Dritten zu teilen.<\/p>\n<p><strong>Hotmail<\/strong><\/p>\n<p>Wir verwenden die Dienste von Hotmail f\u00fcr unseren regelm\u00e4\u00dfigen gesch\u00e4ftlichen E-Mail-Verkehr. Diese Partei hat geeignete technische und organisatorische Ma\u00dfnahmen ergriffen, um den Missbrauch, den Verlust und die Korruption Ihrer und unserer Daten so weit wie m\u00f6glich zu verhindern. Hotmail hat keinen Zugriff auf unser Postfach, und wir behandeln unseren gesamten E-Mail-Verkehr vertraulich.<\/p>\n<h3>Zahlungsabwickler<\/h3>\n<p><strong>Mollie<\/strong><\/p>\n<p>Wir verwenden die Plattform Mollie, um einige der Zahlungen in unserem Webshop abzuwickeln. Mollie verarbeitet Ihren Namen, Ihre Adresse und Ihre Wohnortdetails sowie Ihre Zahlungsdetails wie Ihre Bankverbindung oder Kreditkartennummer. Mollie hat geeignete technische und organisatorische Ma\u00dfnahmen zum Schutz Ihrer pers\u00f6nlichen Daten ergriffen. Mollie beh\u00e4lt sich das Recht vor, Ihre Daten zu verwenden, um den Service weiter zu verbessern und (anonymisierte) Daten in diesem Zusammenhang mit Dritten zu teilen. Alle oben genannten Garantien zum Schutz Ihrer pers\u00f6nlichen Daten gelten auch f\u00fcr die Teile von Mollies Diensten, f\u00fcr die sie Dritte engagieren. Mollie speichert Ihre Daten nicht l\u00e4nger als gesetzlich zul\u00e4ssig.<\/p>\n<h3>Versand und Logistik<\/h3>\n<p><strong>DHL<\/strong><\/p>\n<p>Wenn Sie eine Bestellung bei uns aufgeben, ist es unsere Aufgabe, Ihr Paket an Sie zu liefern. Wir nutzen die Dienste von DHL, um die Lieferungen durchzuf\u00fchren. Es ist daher notwendig, dass wir Ihren Namen, Ihre Adresse und Ihre Wohnortdetails mit DHL teilen. DHL verwendet diese Informationen nur zum Zweck der Vertragserf\u00fcllung. Im Falle, dass DHL Unterauftragnehmer einsetzt, wird DHL diese Daten ebenfalls diesen Parteien zur Verf\u00fcgung stellen.<\/p>\n<h3>Externe Verkaufskan\u00e4le<\/h3>\n<p><strong>Bol.com<\/strong><\/p>\n<p>Wir verkaufen (einen Teil) unserer Artikel \u00fcber die Plattform Bol.com. Wenn Sie \u00fcber diese Plattform eine Bestellung aufgeben, teilt Bol.com Ihre Bestellung und Ihre pers\u00f6nlichen Daten mit uns. Wir verwenden diese Informationen, um Ihre Bestellung abzuwickeln. Wir behandeln Ihre Daten vertraulich und haben geeignete technische und organisatorische Ma\u00dfnahmen ergriffen, um Ihre Daten vor Verlust und unbefugter Nutzung zu sch\u00fctzen.<\/p>\n<h2>Zweck der Datenverarbeitung<\/h2>\n<h3>Allgemeiner Zweck der Verarbeitung<\/h3>\n<p>Wir verwenden Ihre Daten ausschlie\u00dflich zum Wohl unserer Dienstleistungen. Dies bedeutet, dass der Zweck der Verarbeitung immer direkt mit dem von Ihnen erteilten Auftrag zusammenh\u00e4ngt. Wir verwenden Ihre Daten nicht f\u00fcr (gezieltes) Marketing. Wenn Sie uns Informationen mitteilen und wir diese Informationen &#8211; anders als auf Ihren Wunsch hin &#8211; zu einem sp\u00e4teren Zeitpunkt kontaktieren, werden wir Sie um ausdr\u00fcckliche Genehmigung bitten. Ihre Daten werden nicht an Dritte weitergegeben, au\u00dfer um Buchhaltungs- und andere administrative Verpflichtungen zu erf\u00fcllen. Diese Dritten sind alle aufgrund der Vereinbarung zwischen ihnen und uns oder eines Eides oder einer gesetzlichen Verpflichtung zur Geheimhaltung verpflichtet.<\/p>\n<h3>Automatisch erfasste Daten<\/h3>\n<p>Daten, die automatisch von unserer Website erfasst werden, werden mit dem Ziel verarbeitet, unsere Dienstleistungen weiter zu verbessern. Diese Daten (zum Beispiel Ihre IP-Adresse, Webbrowser und Betriebssystem) sind keine personenbezogenen Daten.<\/p>\n<h3>Zusammenarbeit bei Steuer- und Strafermittlungen<\/h3>\n<p>In einigen F\u00e4llen kann Juwelia gesetzlich verpflichtet sein, Ihre Daten im Zusammenhang mit staatlichen Steuer- oder Strafermittlungen zu teilen. In einem solchen Fall sind wir gezwungen, Ihre Daten weiterzugeben, werden uns jedoch innerhalb der M\u00f6glichkeiten, die das Gesetz uns bietet, dagegen wehren.<\/p>\n<h3>Aufbewahrungsfristen<\/h3>\n<p>Wir speichern Ihre Daten so lange, wie Sie Kunde bei uns sind. Dies bedeutet, dass wir Ihr Kundenprofil aufbewahren, bis Sie angeben, unsere Dienste nicht mehr nutzen zu wollen. Wenn Sie uns dies mitteilen, betrachten wir dies auch als Aufforderung zum Vergessen. Aufgrund geltender administrativer Verpflichtungen m\u00fcssen wir Rechnungen mit Ihren (pers\u00f6nlichen) Daten aufbewahren, daher werden wir diese Daten so lange aufbewahren, wie die anwendbare Frist l\u00e4uft. Mitarbeiter haben jedoch keinen Zugriff mehr auf Ihr Kundenprofil und auf Dokumente, die wir als Reaktion auf Ihre Bestellung erstellt haben.<\/p>\n<h3>Ihre Rechte<\/h3>\n<p>Gem\u00e4\u00df der geltenden niederl\u00e4ndischen und europ\u00e4ischen Gesetzgebung haben Sie als betroffene Person bestimmte Rechte in Bezug auf die von uns oder in unserem Auftrag verarbeiteten personenbezogenen Daten. Nachfolgend erl\u00e4utern wir, welche Rechte dies sind und wie Sie diese geltend machen k\u00f6nnen. Um Missbrauch zu verhindern, senden wir im Allgemeinen nur Kopien Ihrer Daten an Ihre bereits bekannte E-Mail-Adresse. Wenn Sie die Daten an eine andere E-Mail-Adresse oder beispielsweise per Post erhalten m\u00f6chten, werden wir Sie bitten, sich zu identifizieren. Wir f\u00fchren Aufzeichnungen \u00fcber abgeschlossene Anfragen, und im Falle einer vergessenen Anfrage verwalten wir anonymisierte Daten. Sie erhalten alle Aussagen und Kopien von Daten im maschinenlesbaren Datenformat, das wir innerhalb unserer Systeme verwenden.<\/p>\n<h4>Recht auf Auskunft<\/h4>\n<p>Sie haben jederzeit das Recht, die Daten einzusehen, die wir verarbeiten oder verarbeitet haben, die sich auf Ihre Person beziehen oder auf sie zur\u00fcckzuf\u00fchren sind. Sie k\u00f6nnen eine entsprechende Anfrage an unsere Kontaktperson f\u00fcr Datenschutzfragen richten. Sie erhalten dann innerhalb von 30 Tagen eine Antwort auf Ihre Anfrage. Wenn Ihre Anfrage genehmigt wird, senden wir Ihnen eine Kopie aller Daten mit einem \u00dcberblick \u00fcber die Prozessoren, die diese Daten halten, unter Angabe der Kategorie, unter der wir diese Daten gespeichert haben, an die uns bekannte E-Mail-Adresse.<\/p>\n<h4>Recht auf Berichtigung<\/h4>\n<p>Sie haben jederzeit das Recht, die Daten, die wir verarbeiten oder verarbeitet haben, die sich auf Ihre Person beziehen oder die auf sie zur\u00fcckzuf\u00fchren sind, berichtigen zu lassen. Sie k\u00f6nnen eine entsprechende Anfrage an unsere Kontaktperson f\u00fcr Datenschutzfragen richten. Sie erhalten dann innerhalb von 30 Tagen eine Antwort auf Ihre Anfrage. Wenn Ihre Anfrage genehmigt wird, senden wir Ihnen eine Best\u00e4tigung, dass die Daten an die uns bekannte E-Mail-Adresse ge\u00e4ndert wurden.<\/p>\n<h4>Recht auf Einschr\u00e4nkung der Verarbeitung<\/h4>\n<p>Sie haben jederzeit das Recht, die Daten, die wir verarbeiten oder verarbeitet haben, die sich auf Ihre Person beziehen oder auf sie zur\u00fcckzuf\u00fchren sind, einzuschr\u00e4nken. Sie k\u00f6nnen eine entsprechende Anfrage an unsere Kontaktperson f\u00fcr Datenschutzfragen richten. Sie erhalten dann innerhalb von 30 Tagen eine Antwort auf Ihre Anfrage. Senden Sie, wenn Ihre Anfrage genehmigt wird.<\/p>\n<p>Wir best\u00e4tigen Ihnen an die uns bekannte E-Mail-Adresse, dass die Daten nicht mehr verarbeitet werden, bis Sie die Einschr\u00e4nkung aufheben.<\/p>\n<h4>Recht auf Daten\u00fcbertragbarkeit<\/h4>\n<p>Sie haben jederzeit das Recht, die Daten, die wir verarbeiten oder verarbeitet haben, die sich auf Ihre Person beziehen oder auf sie zur\u00fcckzuf\u00fchren sind, von einem anderen Unternehmen \u00fcbertragen zu lassen. Sie k\u00f6nnen eine entsprechende Anfrage an unsere Kontaktperson f\u00fcr Datenschutzfragen richten. Sie erhalten dann innerhalb von 30 Tagen eine Antwort auf Ihre Anfrage. Wenn Ihre Anfrage genehmigt wird, senden wir Ihnen Kopien aller Daten \u00fcber Sie, die wir verarbeitet haben oder die von anderen Prozessoren oder Dritten an die uns bekannte E-Mail-Adresse gesendet wurden. In diesem Fall werden wir den Service h\u00f6chstwahrscheinlich nicht mehr fortsetzen k\u00f6nnen, da die sichere Verkn\u00fcpfung von Daten dann nicht mehr garantiert werden kann.<\/p>\n<h4>Widerspruchsrecht und andere Rechte<\/h4>\n<p>In geeigneten F\u00e4llen haben Sie das Recht, der Verarbeitung Ihrer personenbezogenen Daten durch oder in unserem Auftrag zu widersprechen. Wenn Sie widersprechen, werden wir die Datenverarbeitung sofort einstellen, bis Ihr Widerspruch bearbeitet ist. Wenn Ihr Widerspruch begr\u00fcndet ist, stellen wir Ihnen Kopien und\/oder Kopien der Daten, die wir verarbeiten oder verarbeitet haben, zur Verf\u00fcgung und stellen dann die Verarbeitung dauerhaft ein. Sie haben auch das Recht, keiner automatisierten individuellen Entscheidungsfindung oder Profilerstellung unterworfen zu sein. Wir verarbeiten Ihre Daten nicht auf eine Weise, die dieses Recht anwendet. Wenn Sie der Meinung sind, dass dies der Fall ist, wenden Sie sich bitte an unsere Kontaktperson f\u00fcr Datenschutzfragen.<\/p>\n<h3>Cookies<\/h3>\n<p><strong>Google Analytics<\/strong><\/p>\n<p>\u00dcber unsere Website werden Cookies des amerikanischen Unternehmens Google im Rahmen des Dienstes &#8222;Analytics&#8220; platziert. Wir verwenden diesen Dienst, um das Verhalten der Besucher auf der Website zu verfolgen und Berichte dar\u00fcber zu erhalten.<\/p>\n<p>Dieser Prozessor kann aufgrund geltender Gesetze und Vorschriften verpflichtet sein, Zugang zu diesen Daten zu gew\u00e4hren. Wir sammeln Informationen \u00fcber Ihr Surfverhalten und teilen diese Daten mit Google. Google kann diese Informationen in Verbindung mit anderen Datens\u00e4tzen interpretieren und so Ihre Bewegungen im Internet verfolgen. Google verwendet diese Informationen, um gezielte Werbung (Adwords) und andere Google-Dienste und -Produkte anzubieten, unter anderem.<\/p>\n<h3>Cookies von Drittanbietern<\/h3>\n<p>Sofern Softwarel\u00f6sungen von Drittanbietern Cookies verwenden, wird dies in dieser Datenschutzerkl\u00e4rung angegeben.<\/p>\n<h3>\u00c4nderungen der Datenschutzrichtlinie<\/h3>\n<p>Wir behalten uns das Recht vor, unsere Datenschutzrichtlinie jederzeit zu \u00e4ndern. Sie finden jedoch immer die aktuellste Version auf dieser Seite. Wenn die neue Datenschutzrichtlinie Auswirkungen auf die Art und Weise hat, wie wir bereits gesammelte Daten in Bezug auf Sie verarbeiten, werden wir Sie per E-Mail informieren.<\/p>\n","protected":false},"excerpt":{"rendered":"<p>\u00dcber unsere Datenschutzrichtlinie TKTXSHOP.EU legt gro\u00dfen Wert auf Ihre Privatsph\u00e4re. Wir verarbeiten daher nur Daten, die wir f\u00fcr (die Verbesserung) unserer Dienste ben\u00f6tigen, und behandeln sorgf\u00e4ltig die Informationen, die wir \u00fcber Sie und Ihre Nutzung unserer Dienste gesammelt haben. Wir geben Ihre Daten niemals zu kommerziellen Zwecken an Dritte weiter. Diese Datenschutzrichtlinie gilt f\u00fcr die&#8230;<\/p>\n","protected":false},"author":1,"featured_media":0,"parent":0,"menu_order":0,"comment_status":"closed","ping_status":"open","template":"","meta":{"footnotes":""},"class_list":["post-1978","page","type-page","status-publish","hentry"],"_links":{"self":[{"href":"https:\/\/tktxshop.eu\/de\/wp-json\/wp\/v2\/pages\/1978","targetHints":{"allow":["GET"]}}],"collection":[{"href":"https:\/\/tktxshop.eu\/de\/wp-json\/wp\/v2\/pages"}],"about":[{"href":"https:\/\/tktxshop.eu\/de\/wp-json\/wp\/v2\/types\/page"}],"author":[{"embeddable":true,"href":"https:\/\/tktxshop.eu\/de\/wp-json\/wp\/v2\/users\/1"}],"replies":[{"embeddable":true,"href":"https:\/\/tktxshop.eu\/de\/wp-json\/wp\/v2\/comments?post=1978"}],"version-history":[{"count":3,"href":"https:\/\/tktxshop.eu\/de\/wp-json\/wp\/v2\/pages\/1978\/revisions"}],"predecessor-version":[{"id":2170,"href":"https:\/\/tktxshop.eu\/de\/wp-json\/wp\/v2\/pages\/1978\/revisions\/2170"}],"wp:attachment":[{"href":"https:\/\/tktxshop.eu\/de\/wp-json\/wp\/v2\/media?parent=1978"}],"curies":[{"name":"wp","href":"https:\/\/api.w.org\/{rel}","templated":true}]}}